{"id":2648,"date":"2021-09-07T22:12:14","date_gmt":"2021-09-07T20:12:14","guid":{"rendered":"http:\/\/internetofthings.tn\/?page_id=2648"},"modified":"2021-09-09T13:58:58","modified_gmt":"2021-09-09T11:58:58","slug":"admission","status":"publish","type":"page","link":"https:\/\/www.esip.tn\/en\/admission\/","title":{"rendered":"Admission"},"content":{"rendered":"<div id=\"modal-ready\">\t\t<div data-elementor-type=\"wp-post\" data-elementor-id=\"2648\" class=\"elementor elementor-2648\" data-elementor-settings=\"[]\">\n\t\t\t\t\t\t<div class=\"elementor-inner\">\n\t\t\t\t\t\t\t<div class=\"elementor-section-wrap\">\n\t\t\t\t\t\t\t<section class=\"elementor-section elementor-top-section elementor-element elementor-element-437f622 elementor-section-boxed elementor-section-height-default elementor-section-height-default\" data-id=\"437f622\" data-element_type=\"section\">\n\t\t\t\t\t\t<div class=\"elementor-container elementor-column-gap-extended\">\n\t\t\t\t\t\t\t<div class=\"elementor-row\">\n\t\t\t\t\t<div class=\"elementor-column elementor-col-100 elementor-top-column elementor-element elementor-element-0c65d7c sc_inner_width_none sc_content_align_inherit sc_layouts_column_icons_position_left\" data-id=\"0c65d7c\" data-element_type=\"column\">\n\t\t\t<div class=\"elementor-column-wrap elementor-element-populated\">\n\t\t\t\t\t\t\t<div class=\"elementor-widget-wrap\">\n\t\t\t\t\t\t<div class=\"elementor-element elementor-element-850e259 sc_height_tiny sc_fly_static elementor-widget elementor-widget-spacer\" data-id=\"850e259\" data-element_type=\"widget\" data-widget_type=\"spacer.default\">\n\t\t\t\t<div class=\"elementor-widget-container\">\n\t\t\t\t\t<div class=\"elementor-spacer\">\n\t\t\t<div class=\"elementor-spacer-inner\"><\/div>\n\t\t<\/div>\n\t\t\t\t<\/div>\n\t\t\t\t<\/div>\n\t\t\t\t<div class=\"elementor-element elementor-element-92528c3 sc_fly_static elementor-invisible elementor-widget elementor-widget-trx_sc_title\" data-id=\"92528c3\" data-element_type=\"widget\" data-settings=\"{&quot;_animation&quot;:&quot;fadeIn&quot;,&quot;_animation_mobile&quot;:&quot;none&quot;,&quot;_animation_delay&quot;:200}\" data-widget_type=\"trx_sc_title.default\">\n\t\t\t\t<div class=\"elementor-widget-container\">\n\t\t\t<div id=\"trx_sc_title_119052486\"\n\t\tclass=\"sc_title color_style_link2 sc_title_decoration\"><span class=\"sc_item_subtitle sc_title_subtitle sc_item_subtitle_above sc_item_title_style_decoration\"><span class=\"subtitle_text\"> ESIP<\/span><\/span><h3 class=\"sc_item_title sc_title_title sc_item_title_style_decoration sc_item_title_tag\"><span class=\"sc_item_title_text\">Admission routes for the Preparatory course<\/span><\/h3><\/div><!-- \/.sc_title -->\t\t<\/div>\n\t\t\t\t<\/div>\n\t\t\t\t<div class=\"elementor-element elementor-element-57d6f48 sc_height_tiny sc_fly_static elementor-widget elementor-widget-spacer\" data-id=\"57d6f48\" data-element_type=\"widget\" data-widget_type=\"spacer.default\">\n\t\t\t\t<div class=\"elementor-widget-container\">\n\t\t\t\t\t<div class=\"elementor-spacer\">\n\t\t\t<div class=\"elementor-spacer-inner\"><\/div>\n\t\t<\/div>\n\t\t\t\t<\/div>\n\t\t\t\t<\/div>\n\t\t\t\t\t\t<\/div>\n\t\t\t\t\t<\/div>\n\t\t<\/div>\n\t\t\t\t\t\t\t\t<\/div>\n\t\t\t\t\t<\/div>\n\t\t<\/section>\n\t\t\t\t<section class=\"elementor-section elementor-top-section elementor-element elementor-element-e772b0f elementor-section-boxed elementor-section-height-default elementor-section-height-default\" data-id=\"e772b0f\" data-element_type=\"section\" data-settings=\"{&quot;background_background&quot;:&quot;classic&quot;}\">\n\t\t\t\t\t\t<div class=\"elementor-container elementor-column-gap-no\">\n\t\t\t\t\t\t\t<div class=\"elementor-row\">\n\t\t\t\t\t<div class=\"elementor-column elementor-col-100 elementor-top-column elementor-element elementor-element-e9bf5d1 sc_inner_width_none sc_content_align_inherit sc_layouts_column_icons_position_left\" data-id=\"e9bf5d1\" data-element_type=\"column\">\n\t\t\t<div class=\"elementor-column-wrap elementor-element-populated\">\n\t\t\t\t\t\t\t<div class=\"elementor-widget-wrap\">\n\t\t\t\t\t\t<div class=\"elementor-element elementor-element-35d5307 sc_fly_static elementor-widget elementor-widget-text-editor\" data-id=\"35d5307\" data-element_type=\"widget\" data-widget_type=\"text-editor.default\">\n\t\t\t\t<div class=\"elementor-widget-container\">\n\t\t\t\t\t\t\t\t<div class=\"elementor-text-editor elementor-clearfix\">\n\t\t\t\t<p>Admission to the 1st year of the Preparatory Cycle is for holders of the scientific or technical baccalaureate or an equivalent diploma.<\/p><div class=\"vc_row wpb_row section vc_row-fluid vc_inner deg vc_custom_1463111646788 grid_section\"><div class=\"section_inner clearfix\"><div class=\"section_inner_margin clearfix\"><div class=\"wpb_column vc_column_container vc_col-sm-9\"><div class=\"vc_column-inner\"><div class=\"wpb_wrapper\"><div class=\"wpb_text_column wpb_content_element\"><div class=\"wpb_wrapper\"><p>The content of the teachings and the teaching methods of the Preparatory Cycle allow students to calmly develop skills in an environment of an Engineering School (<em>specific supervision, follow-up, contact with the administrative body,<\/em>d\u00e9couvert\u00a0<em>specialties of the School for two years before opting for a final choice).<\/em><\/p><\/div><\/div><\/div><\/div><\/div><\/div><\/div><\/div>\t\t\t\t\t<\/div>\n\t\t\t\t\t\t<\/div>\n\t\t\t\t<\/div>\n\t\t\t\t\t\t<\/div>\n\t\t\t\t\t<\/div>\n\t\t<\/div>\n\t\t\t\t\t\t\t\t<\/div>\n\t\t\t\t\t<\/div>\n\t\t<\/section>\n\t\t\t\t<section class=\"elementor-section elementor-top-section elementor-element elementor-element-f603488 elementor-section-boxed elementor-section-height-default elementor-section-height-default\" data-id=\"f603488\" data-element_type=\"section\">\n\t\t\t\t\t\t<div class=\"elementor-container elementor-column-gap-extended\">\n\t\t\t\t\t\t\t<div class=\"elementor-row\">\n\t\t\t\t\t<div class=\"elementor-column elementor-col-100 elementor-top-column elementor-element elementor-element-b23ca3e sc_inner_width_none sc_content_align_inherit sc_layouts_column_icons_position_left\" data-id=\"b23ca3e\" data-element_type=\"column\">\n\t\t\t<div class=\"elementor-column-wrap elementor-element-populated\">\n\t\t\t\t\t\t\t<div class=\"elementor-widget-wrap\">\n\t\t\t\t\t\t<div class=\"elementor-element elementor-element-48a0c81 sc_height_medium sc_fly_static elementor-widget elementor-widget-spacer\" data-id=\"48a0c81\" data-element_type=\"widget\" data-widget_type=\"spacer.default\">\n\t\t\t\t<div class=\"elementor-widget-container\">\n\t\t\t\t\t<div class=\"elementor-spacer\">\n\t\t\t<div class=\"elementor-spacer-inner\"><\/div>\n\t\t<\/div>\n\t\t\t\t<\/div>\n\t\t\t\t<\/div>\n\t\t\t\t\t\t<\/div>\n\t\t\t\t\t<\/div>\n\t\t<\/div>\n\t\t\t\t\t\t\t\t<\/div>\n\t\t\t\t\t<\/div>\n\t\t<\/section>\n\t\t\t\t\t\t<\/div>\n\t\t\t\t\t\t<\/div>\n\t\t\t\t\t<\/div>\n\t\t<\/div>","protected":false},"excerpt":{"rendered":"<p>ESIP Voies d\u2019admission pour le cursus Pr\u00e9pa L\u2019admission en 1\u00e8re ann\u00e9e du Cycle Pr\u00e9paratoire se fait pour les titulaires du baccalaur\u00e9at scientifique ou technique ou d\u2019un dipl\u00f4me \u00e9quivalent. Le contenu des enseignements et&hellip;<\/p>","protected":false},"author":3,"featured_media":0,"parent":0,"menu_order":0,"comment_status":"closed","ping_status":"closed","template":"","meta":[],"_links":{"self":[{"href":"https:\/\/www.esip.tn\/en\/wp-json\/wp\/v2\/pages\/2648"}],"collection":[{"href":"https:\/\/www.esip.tn\/en\/wp-json\/wp\/v2\/pages"}],"about":[{"href":"https:\/\/www.esip.tn\/en\/wp-json\/wp\/v2\/types\/page"}],"author":[{"embeddable":true,"href":"https:\/\/www.esip.tn\/en\/wp-json\/wp\/v2\/users\/3"}],"replies":[{"embeddable":true,"href":"https:\/\/www.esip.tn\/en\/wp-json\/wp\/v2\/comments?post=2648"}],"version-history":[{"count":4,"href":"https:\/\/www.esip.tn\/en\/wp-json\/wp\/v2\/pages\/2648\/revisions"}],"predecessor-version":[{"id":3060,"href":"https:\/\/www.esip.tn\/en\/wp-json\/wp\/v2\/pages\/2648\/revisions\/3060"}],"wp:attachment":[{"href":"https:\/\/www.esip.tn\/en\/wp-json\/wp\/v2\/media?parent=2648"}],"curies":[{"name":"wp","href":"https:\/\/api.w.org\/{rel}","templated":true}]}}