{"id":2656,"date":"2021-09-07T22:14:38","date_gmt":"2021-09-07T20:14:38","guid":{"rendered":"http:\/\/internetofthings.tn\/?page_id=2656"},"modified":"2022-05-11T18:21:35","modified_gmt":"2022-05-11T16:21:35","slug":"presentation-ci","status":"publish","type":"page","link":"https:\/\/www.esip.tn\/en\/presentation-ci\/","title":{"rendered":"Presentation EC"},"content":{"rendered":"<div id=\"modal-ready\">\t\t<div data-elementor-type=\"wp-post\" data-elementor-id=\"2656\" class=\"elementor elementor-2656\" data-elementor-settings=\"[]\">\n\t\t\t\t\t\t<div class=\"elementor-inner\">\n\t\t\t\t\t\t\t<div class=\"elementor-section-wrap\">\n\t\t\t\t\t\t\t<section class=\"elementor-section elementor-top-section elementor-element elementor-element-8b30409 elementor-section-boxed elementor-section-height-default elementor-section-height-default\" data-id=\"8b30409\" data-element_type=\"section\">\n\t\t\t\t\t\t<div class=\"elementor-container elementor-column-gap-extended\">\n\t\t\t\t\t\t\t<div class=\"elementor-row\">\n\t\t\t\t\t<div class=\"elementor-column elementor-col-100 elementor-top-column elementor-element elementor-element-b5db29d sc_inner_width_none sc_content_align_inherit sc_layouts_column_icons_position_left\" data-id=\"b5db29d\" data-element_type=\"column\">\n\t\t\t<div class=\"elementor-column-wrap elementor-element-populated\">\n\t\t\t\t\t\t\t<div class=\"elementor-widget-wrap\">\n\t\t\t\t\t\t<div class=\"elementor-element elementor-element-58cb6cc sc_height_tiny sc_fly_static elementor-widget elementor-widget-spacer\" data-id=\"58cb6cc\" data-element_type=\"widget\" data-widget_type=\"spacer.default\">\n\t\t\t\t<div class=\"elementor-widget-container\">\n\t\t\t\t\t<div class=\"elementor-spacer\">\n\t\t\t<div class=\"elementor-spacer-inner\"><\/div>\n\t\t<\/div>\n\t\t\t\t<\/div>\n\t\t\t\t<\/div>\n\t\t\t\t<div class=\"elementor-element elementor-element-36b8cfb sc_fly_static elementor-invisible elementor-widget elementor-widget-trx_sc_title\" data-id=\"36b8cfb\" data-element_type=\"widget\" data-settings=\"{&quot;_animation&quot;:&quot;fadeIn&quot;,&quot;_animation_mobile&quot;:&quot;none&quot;,&quot;_animation_delay&quot;:200}\" data-widget_type=\"trx_sc_title.default\">\n\t\t\t\t<div class=\"elementor-widget-container\">\n\t\t\t<div id=\"trx_sc_title_894108617\"\n\t\tclass=\"sc_title color_style_link2 sc_title_decoration\"><span class=\"sc_item_subtitle sc_title_subtitle sc_item_subtitle_above sc_item_title_style_decoration\"><span class=\"subtitle_text\"> ESIP<\/span><\/span><h3 class=\"sc_item_title sc_title_title sc_item_title_style_decoration sc_item_title_tag\"><span class=\"sc_item_title_text\">Engineer training at the private engineering school of Gafsa<\/span><\/h3><\/div><!-- \/.sc_title -->\t\t<\/div>\n\t\t\t\t<\/div>\n\t\t\t\t<div class=\"elementor-element elementor-element-2f61f88 sc_height_tiny sc_fly_static elementor-widget elementor-widget-spacer\" data-id=\"2f61f88\" data-element_type=\"widget\" data-widget_type=\"spacer.default\">\n\t\t\t\t<div class=\"elementor-widget-container\">\n\t\t\t\t\t<div class=\"elementor-spacer\">\n\t\t\t<div class=\"elementor-spacer-inner\"><\/div>\n\t\t<\/div>\n\t\t\t\t<\/div>\n\t\t\t\t<\/div>\n\t\t\t\t\t\t<\/div>\n\t\t\t\t\t<\/div>\n\t\t<\/div>\n\t\t\t\t\t\t\t\t<\/div>\n\t\t\t\t\t<\/div>\n\t\t<\/section>\n\t\t\t\t<section class=\"elementor-section elementor-top-section elementor-element elementor-element-b47451b elementor-section-boxed elementor-section-height-default elementor-section-height-default\" data-id=\"b47451b\" data-element_type=\"section\" data-settings=\"{&quot;background_background&quot;:&quot;classic&quot;}\">\n\t\t\t\t\t\t<div class=\"elementor-container elementor-column-gap-no\">\n\t\t\t\t\t\t\t<div class=\"elementor-row\">\n\t\t\t\t\t<div class=\"elementor-column elementor-col-100 elementor-top-column elementor-element elementor-element-c09d231 sc_inner_width_none sc_content_align_inherit sc_layouts_column_icons_position_left\" data-id=\"c09d231\" data-element_type=\"column\">\n\t\t\t<div class=\"elementor-column-wrap elementor-element-populated\">\n\t\t\t\t\t\t\t<div class=\"elementor-widget-wrap\">\n\t\t\t\t\t\t<div class=\"elementor-element elementor-element-555b089 sc_fly_static elementor-widget elementor-widget-text-editor\" data-id=\"555b089\" data-element_type=\"widget\" data-widget_type=\"text-editor.default\">\n\t\t\t\t<div class=\"elementor-widget-container\">\n\t\t\t\t\t\t\t\t<div class=\"elementor-text-editor elementor-clearfix\">\n\t\t\t\t<p><strong>Gafsa Private Higher School of Engineers<\/strong>&nbsp;&nbsp;trains engineers in&nbsp;<strong>the following&nbsp;<\/strong>specialities&nbsp;<strong>&nbsp;:<\/strong><\/p>\n<ol>\n<li><strong>The Engineering Diploma in Finance.<\/strong><\/li>\n<li><strong>The Engineering Diploma in Networks and Distributed Systems.<\/strong><\/li>\n<li><strong>The Embedded Systems Engineering Diploma.<\/strong><\/li>\n<li><strong>The Engineering Degree in Intelligent Systems and Decision.<\/strong><\/li>\n<li><strong>The Software and Information Systems Engineering Diploma.<\/strong><\/li>\n<li><strong>The Engineering Diploma in Image Processing.<\/strong><\/li>\n<\/ol>\n<p>This engineering program is open to students who have successfully completed the preparatory cycle for engineering studies, or holders of a bachelor's degree in a scientific or technical branch. Students holding a master's degree or first year success in a scientific or technical branch go directly to the 2nd year of this cycle after studying their file.<br><\/p>\n<p>The engineer training is spread over 3 years organized in 6 semesters.<br>Engineer training is distinguished by its ability to evolve with technological development and to meet the needs of the working world in terms of professionally qualified and directly operational executives.<\/p>\t\t\t\t\t<\/div>\n\t\t\t\t\t\t<\/div>\n\t\t\t\t<\/div>\n\t\t\t\t\t\t<\/div>\n\t\t\t\t\t<\/div>\n\t\t<\/div>\n\t\t\t\t\t\t\t\t<\/div>\n\t\t\t\t\t<\/div>\n\t\t<\/section>\n\t\t\t\t<section class=\"elementor-section elementor-top-section elementor-element elementor-element-f603488 elementor-section-boxed elementor-section-height-default elementor-section-height-default\" data-id=\"f603488\" data-element_type=\"section\">\n\t\t\t\t\t\t<div class=\"elementor-container elementor-column-gap-extended\">\n\t\t\t\t\t\t\t<div class=\"elementor-row\">\n\t\t\t\t\t<div class=\"elementor-column elementor-col-100 elementor-top-column elementor-element elementor-element-b23ca3e sc_inner_width_none sc_content_align_inherit sc_layouts_column_icons_position_left\" data-id=\"b23ca3e\" data-element_type=\"column\">\n\t\t\t<div class=\"elementor-column-wrap elementor-element-populated\">\n\t\t\t\t\t\t\t<div class=\"elementor-widget-wrap\">\n\t\t\t\t\t\t<div class=\"elementor-element elementor-element-48a0c81 sc_height_medium sc_fly_static elementor-widget elementor-widget-spacer\" data-id=\"48a0c81\" data-element_type=\"widget\" data-widget_type=\"spacer.default\">\n\t\t\t\t<div class=\"elementor-widget-container\">\n\t\t\t\t\t<div class=\"elementor-spacer\">\n\t\t\t<div class=\"elementor-spacer-inner\"><\/div>\n\t\t<\/div>\n\t\t\t\t<\/div>\n\t\t\t\t<\/div>\n\t\t\t\t\t\t<\/div>\n\t\t\t\t\t<\/div>\n\t\t<\/div>\n\t\t\t\t\t\t\t\t<\/div>\n\t\t\t\t\t<\/div>\n\t\t<\/section>\n\t\t\t\t\t\t<\/div>\n\t\t\t\t\t\t<\/div>\n\t\t\t\t\t<\/div>\n\t\t<\/div>","protected":false},"excerpt":{"rendered":"<p>ESIP Formation d&#8217;Ing\u00e9nieur \u00e0 Ecole Sup\u00e9rieure d&#8217;Ing\u00e9nieurs Priv\u00e9e De Gafsa Ecole Sup\u00e9rieure d\u2019Ing\u00e9nieurs Priv\u00e9e De Gafsa&nbsp;&nbsp;forme des ing\u00e9nieurs dans les&nbsp;sp\u00e9cialit\u00e9s&nbsp;suivantes&nbsp;&nbsp;: Le Dipl\u00f4me d&#8217;Ing\u00e9nieur en Finance. Le Dipl\u00f4me d&#8217;Ing\u00e9nieur en R\u00e9seaux et Syst\u00e8mes R\u00e9partis.&hellip;<\/p>","protected":false},"author":3,"featured_media":0,"parent":0,"menu_order":0,"comment_status":"closed","ping_status":"closed","template":"","meta":[],"_links":{"self":[{"href":"https:\/\/www.esip.tn\/en\/wp-json\/wp\/v2\/pages\/2656"}],"collection":[{"href":"https:\/\/www.esip.tn\/en\/wp-json\/wp\/v2\/pages"}],"about":[{"href":"https:\/\/www.esip.tn\/en\/wp-json\/wp\/v2\/types\/page"}],"author":[{"embeddable":true,"href":"https:\/\/www.esip.tn\/en\/wp-json\/wp\/v2\/users\/3"}],"replies":[{"embeddable":true,"href":"https:\/\/www.esip.tn\/en\/wp-json\/wp\/v2\/comments?post=2656"}],"version-history":[{"count":13,"href":"https:\/\/www.esip.tn\/en\/wp-json\/wp\/v2\/pages\/2656\/revisions"}],"predecessor-version":[{"id":3868,"href":"https:\/\/www.esip.tn\/en\/wp-json\/wp\/v2\/pages\/2656\/revisions\/3868"}],"wp:attachment":[{"href":"https:\/\/www.esip.tn\/en\/wp-json\/wp\/v2\/media?parent=2656"}],"curies":[{"name":"wp","href":"https:\/\/api.w.org\/{rel}","templated":true}]}}