{"id":2664,"date":"2021-09-07T22:17:46","date_gmt":"2021-09-07T20:17:46","guid":{"rendered":"http:\/\/internetofthings.tn\/?page_id=2664"},"modified":"2021-09-13T14:20:32","modified_gmt":"2021-09-13T12:20:32","slug":"etudiant-etrangers","status":"publish","type":"page","link":"https:\/\/www.esip.tn\/en\/etudiant-etrangers\/","title":{"rendered":"Etudiant \u00e9trangers"},"content":{"rendered":"<div id=\"modal-ready\">\t\t<div data-elementor-type=\"wp-post\" data-elementor-id=\"2664\" class=\"elementor elementor-2664\" data-elementor-settings=\"[]\">\n\t\t\t\t\t\t<div class=\"elementor-inner\">\n\t\t\t\t\t\t\t<div class=\"elementor-section-wrap\">\n\t\t\t\t\t\t\t<section class=\"elementor-section elementor-top-section elementor-element elementor-element-303aa24 elementor-section-boxed elementor-section-height-default elementor-section-height-default\" data-id=\"303aa24\" data-element_type=\"section\">\n\t\t\t\t\t\t<div class=\"elementor-container elementor-column-gap-extended\">\n\t\t\t\t\t\t\t<div class=\"elementor-row\">\n\t\t\t\t\t<div class=\"elementor-column elementor-col-100 elementor-top-column elementor-element elementor-element-6677c4e sc_inner_width_none sc_content_align_inherit sc_layouts_column_icons_position_left\" data-id=\"6677c4e\" data-element_type=\"column\">\n\t\t\t<div class=\"elementor-column-wrap elementor-element-populated\">\n\t\t\t\t\t\t\t<div class=\"elementor-widget-wrap\">\n\t\t\t\t\t\t<div class=\"elementor-element elementor-element-39d34cd sc_height_tiny sc_fly_static elementor-widget elementor-widget-spacer\" data-id=\"39d34cd\" data-element_type=\"widget\" data-widget_type=\"spacer.default\">\n\t\t\t\t<div class=\"elementor-widget-container\">\n\t\t\t\t\t<div class=\"elementor-spacer\">\n\t\t\t<div class=\"elementor-spacer-inner\"><\/div>\n\t\t<\/div>\n\t\t\t\t<\/div>\n\t\t\t\t<\/div>\n\t\t\t\t<div class=\"elementor-element elementor-element-fd77d74 sc_fly_static elementor-invisible elementor-widget elementor-widget-trx_sc_title\" data-id=\"fd77d74\" data-element_type=\"widget\" data-settings=\"{&quot;_animation&quot;:&quot;fadeIn&quot;,&quot;_animation_mobile&quot;:&quot;none&quot;,&quot;_animation_delay&quot;:200}\" data-widget_type=\"trx_sc_title.default\">\n\t\t\t\t<div class=\"elementor-widget-container\">\n\t\t\t<div id=\"trx_sc_title_1964426595\"\n\t\tclass=\"sc_title color_style_link2 sc_title_decoration\"><span class=\"sc_item_subtitle sc_title_subtitle sc_item_subtitle_above sc_item_title_style_decoration\"><span class=\"subtitle_text\"> ESIP<\/span><\/span><h3 class=\"sc_item_title sc_title_title sc_item_title_style_decoration sc_item_title_tag\"><span class=\"sc_item_title_text\">International students<\/span><\/h3><\/div><!-- \/.sc_title -->\t\t<\/div>\n\t\t\t\t<\/div>\n\t\t\t\t<div class=\"elementor-element elementor-element-4e504f1 sc_height_tiny sc_fly_static elementor-widget elementor-widget-spacer\" data-id=\"4e504f1\" data-element_type=\"widget\" data-widget_type=\"spacer.default\">\n\t\t\t\t<div class=\"elementor-widget-container\">\n\t\t\t\t\t<div class=\"elementor-spacer\">\n\t\t\t<div class=\"elementor-spacer-inner\"><\/div>\n\t\t<\/div>\n\t\t\t\t<\/div>\n\t\t\t\t<\/div>\n\t\t\t\t\t\t<\/div>\n\t\t\t\t\t<\/div>\n\t\t<\/div>\n\t\t\t\t\t\t\t\t<\/div>\n\t\t\t\t\t<\/div>\n\t\t<\/section>\n\t\t\t\t<section class=\"elementor-section elementor-top-section elementor-element elementor-element-e985c63 elementor-section-boxed elementor-section-height-default elementor-section-height-default\" data-id=\"e985c63\" data-element_type=\"section\" data-settings=\"{&quot;background_background&quot;:&quot;classic&quot;}\">\n\t\t\t\t\t\t<div class=\"elementor-container elementor-column-gap-no\">\n\t\t\t\t\t\t\t<div class=\"elementor-row\">\n\t\t\t\t\t<div class=\"elementor-column elementor-col-100 elementor-top-column elementor-element elementor-element-adf36d6 sc_inner_width_none sc_content_align_inherit sc_layouts_column_icons_position_left\" data-id=\"adf36d6\" data-element_type=\"column\">\n\t\t\t<div class=\"elementor-column-wrap elementor-element-populated\">\n\t\t\t\t\t\t\t<div class=\"elementor-widget-wrap\">\n\t\t\t\t\t\t<div class=\"elementor-element elementor-element-21183ec sc_fly_static elementor-widget elementor-widget-text-editor\" data-id=\"21183ec\" data-element_type=\"widget\" data-widget_type=\"text-editor.default\">\n\t\t\t\t<div class=\"elementor-widget-container\">\n\t\t\t\t\t\t\t\t<div class=\"elementor-text-editor elementor-clearfix\">\n\t\t\t\t<p>Every year<strong>ESIP<\/strong>\u00a0welcomes a large number of international students and TUNISIANS wishing to continue their studies in preparatory cycle and in computer engineering. In a comfortable study environment,<strong>ESIP of GAFSA<\/strong>\u00a0offers students efficient infrastructure, excellent quality training in line with international standards<\/p><p>ESIP met \u00e0 la disposition des \u00e9tudiants internationaux une \u00e9quipe d\u2019accueil et d\u2019information pour leur suivi d\u00e9s leur arriv\u00e9e en TUNISIE, et pour les aider \u00e0 remplir toutes les formalit\u00e9s administratives et \u00e0 r\u00e9soudre les probl\u00e8mes qu\u2019ils pourraient rencontrer au cours de leur formation \u00e0 l\u2019\u00e9cole.<\/p><p>This team is available to welcome foreign students at the airport, to transport them and to find accommodation in Tunisia. Our team follows them through the administrative procedures necessary for their installation in TUNISIA. The services granted are almost the same for Tunisian students, with a few exceptions for certain services which are geared particularly to foreign students.<\/p><h5><strong>CONDITIONS<\/strong><strong>\u00a0<\/strong><strong>OF STAY<\/strong><\/h5><p>To stay in Tunisia, international students must - depending on their country of origin - obtain a study visa, the main required documents of which are:<\/p><ul><li>A registration certificate<\/li><li>A payment certificate<\/li><\/ul>\t\t\t\t\t<\/div>\n\t\t\t\t\t\t<\/div>\n\t\t\t\t<\/div>\n\t\t\t\t\t\t<\/div>\n\t\t\t\t\t<\/div>\n\t\t<\/div>\n\t\t\t\t\t\t\t\t<\/div>\n\t\t\t\t\t<\/div>\n\t\t<\/section>\n\t\t\t\t<section class=\"elementor-section elementor-top-section elementor-element elementor-element-caee0c3 elementor-section-boxed elementor-section-height-default elementor-section-height-default\" data-id=\"caee0c3\" data-element_type=\"section\">\n\t\t\t\t\t\t<div class=\"elementor-container elementor-column-gap-extended\">\n\t\t\t\t\t\t\t<div class=\"elementor-row\">\n\t\t\t\t\t<div class=\"elementor-column elementor-col-100 elementor-top-column elementor-element elementor-element-320a580 sc_inner_width_none sc_content_align_inherit sc_layouts_column_icons_position_left\" data-id=\"320a580\" data-element_type=\"column\">\n\t\t\t<div class=\"elementor-column-wrap elementor-element-populated\">\n\t\t\t\t\t\t\t<div class=\"elementor-widget-wrap\">\n\t\t\t\t\t\t<div class=\"elementor-element elementor-element-99b98ec sc_height_tiny sc_fly_static elementor-widget elementor-widget-spacer\" data-id=\"99b98ec\" data-element_type=\"widget\" data-widget_type=\"spacer.default\">\n\t\t\t\t<div class=\"elementor-widget-container\">\n\t\t\t\t\t<div class=\"elementor-spacer\">\n\t\t\t<div class=\"elementor-spacer-inner\"><\/div>\n\t\t<\/div>\n\t\t\t\t<\/div>\n\t\t\t\t<\/div>\n\t\t\t\t<div class=\"elementor-element elementor-element-286a570 sc_fly_static elementor-invisible elementor-widget elementor-widget-trx_sc_title\" data-id=\"286a570\" data-element_type=\"widget\" data-settings=\"{&quot;_animation&quot;:&quot;fadeIn&quot;,&quot;_animation_mobile&quot;:&quot;none&quot;,&quot;_animation_delay&quot;:200}\" data-widget_type=\"trx_sc_title.default\">\n\t\t\t\t<div class=\"elementor-widget-container\">\n\t\t\t<div id=\"trx_sc_title_157076145\"\n\t\tclass=\"sc_title color_style_link2 sc_title_decoration\"><span class=\"sc_item_subtitle sc_title_subtitle sc_item_subtitle_above sc_item_title_style_decoration\"><span class=\"subtitle_text\"> ESIP<\/span><\/span><h3 class=\"sc_item_title sc_title_title sc_item_title_style_decoration sc_item_title_tag\"><span class=\"sc_item_title_text\">INFRASTRUCTURE<\/span><\/h3><\/div><!-- \/.sc_title -->\t\t<\/div>\n\t\t\t\t<\/div>\n\t\t\t\t<div class=\"elementor-element elementor-element-d26bf0c sc_height_tiny sc_fly_static elementor-widget elementor-widget-spacer\" data-id=\"d26bf0c\" data-element_type=\"widget\" data-widget_type=\"spacer.default\">\n\t\t\t\t<div class=\"elementor-widget-container\">\n\t\t\t\t\t<div class=\"elementor-spacer\">\n\t\t\t<div class=\"elementor-spacer-inner\"><\/div>\n\t\t<\/div>\n\t\t\t\t<\/div>\n\t\t\t\t<\/div>\n\t\t\t\t\t\t<\/div>\n\t\t\t\t\t<\/div>\n\t\t<\/div>\n\t\t\t\t\t\t\t\t<\/div>\n\t\t\t\t\t<\/div>\n\t\t<\/section>\n\t\t\t\t<section class=\"elementor-section elementor-top-section elementor-element elementor-element-f9bbff0 elementor-section-boxed elementor-section-height-default elementor-section-height-default\" data-id=\"f9bbff0\" data-element_type=\"section\" data-settings=\"{&quot;background_background&quot;:&quot;classic&quot;}\">\n\t\t\t\t\t\t<div class=\"elementor-container elementor-column-gap-no\">\n\t\t\t\t\t\t\t<div class=\"elementor-row\">\n\t\t\t\t\t<div class=\"elementor-column elementor-col-100 elementor-top-column elementor-element elementor-element-62cd5ee sc_inner_width_none sc_content_align_inherit sc_layouts_column_icons_position_left\" data-id=\"62cd5ee\" data-element_type=\"column\">\n\t\t\t<div class=\"elementor-column-wrap elementor-element-populated\">\n\t\t\t\t\t\t\t<div class=\"elementor-widget-wrap\">\n\t\t\t\t\t\t<div class=\"elementor-element elementor-element-951d561 sc_fly_static elementor-widget elementor-widget-text-editor\" data-id=\"951d561\" data-element_type=\"widget\" data-widget_type=\"text-editor.default\">\n\t\t\t\t<div class=\"elementor-widget-container\">\n\t\t\t\t\t\t\t\t<div class=\"elementor-text-editor elementor-clearfix\">\n\t\t\t\t<p><strong>Gafsa Private Higher School of Engineers<\/strong>\u00a0has large functional premises equipped with the amenities necessary for the smooth running of the teaching (air conditioning, heating, high-speed internet, etc.).<\/p><p><strong>* Amphitheater \/ * classrooms<\/strong><\/p><p><strong>* laboratories<\/strong><\/p><p><strong>* workspaces, sports and leisure activities<\/strong><\/p><p>The school also benefits from an ideal location: proximity to university hostels, shopping centers, availability of means of transport.<\/p><h5>Laboratories:<\/h5><p><strong>Gafsa Private Higher School of Engineers<\/strong>\u00a0has an excellent infrastructure to meet education and training needs. laboratories (networks, systems, etc.) are available throughout the day to receive students either in supervised practical work sessions or in self-service.<\/p><h5><strong>Didactic, audiovisual and communication resources:<\/strong><\/h5><p><strong>Gafsa Private Higher School of Engineers\u00a0<\/strong>is equipped with the technological means necessary to provide quality training and facilitate the acquisition of knowledge. Classrooms and laboratories are equipped with audiovisual and teaching devices. An intranet network allows computer stations to be connected to each other, to the various school servers and to the Internet network, thus facilitating the exchange of data and documentary research.<\/p>\t\t\t\t\t<\/div>\n\t\t\t\t\t\t<\/div>\n\t\t\t\t<\/div>\n\t\t\t\t\t\t<\/div>\n\t\t\t\t\t<\/div>\n\t\t<\/div>\n\t\t\t\t\t\t\t\t<\/div>\n\t\t\t\t\t<\/div>\n\t\t<\/section>\n\t\t\t\t<section class=\"elementor-section elementor-top-section elementor-element elementor-element-62006bf elementor-section-boxed elementor-section-height-default elementor-section-height-default\" data-id=\"62006bf\" data-element_type=\"section\">\n\t\t\t\t\t\t<div class=\"elementor-container elementor-column-gap-extended\">\n\t\t\t\t\t\t\t<div class=\"elementor-row\">\n\t\t\t\t\t<div class=\"elementor-column elementor-col-100 elementor-top-column elementor-element elementor-element-a9745f4 sc_inner_width_none sc_content_align_inherit sc_layouts_column_icons_position_left\" data-id=\"a9745f4\" data-element_type=\"column\">\n\t\t\t<div class=\"elementor-column-wrap elementor-element-populated\">\n\t\t\t\t\t\t\t<div class=\"elementor-widget-wrap\">\n\t\t\t\t\t\t<div class=\"elementor-element elementor-element-d6bf383 sc_height_tiny sc_fly_static elementor-widget elementor-widget-spacer\" data-id=\"d6bf383\" data-element_type=\"widget\" data-widget_type=\"spacer.default\">\n\t\t\t\t<div class=\"elementor-widget-container\">\n\t\t\t\t\t<div class=\"elementor-spacer\">\n\t\t\t<div class=\"elementor-spacer-inner\"><\/div>\n\t\t<\/div>\n\t\t\t\t<\/div>\n\t\t\t\t<\/div>\n\t\t\t\t<div class=\"elementor-element elementor-element-127144d sc_fly_static elementor-invisible elementor-widget elementor-widget-trx_sc_title\" data-id=\"127144d\" data-element_type=\"widget\" data-settings=\"{&quot;_animation&quot;:&quot;fadeIn&quot;,&quot;_animation_mobile&quot;:&quot;none&quot;,&quot;_animation_delay&quot;:200}\" data-widget_type=\"trx_sc_title.default\">\n\t\t\t\t<div class=\"elementor-widget-container\">\n\t\t\t<div id=\"trx_sc_title_1353678632\"\n\t\tclass=\"sc_title color_style_link2 sc_title_decoration\"><span class=\"sc_item_subtitle sc_title_subtitle sc_item_subtitle_above sc_item_title_style_decoration\"><span class=\"subtitle_text\"> ESIP<\/span><\/span><h3 class=\"sc_item_title sc_title_title sc_item_title_style_decoration sc_item_title_tag\"><span class=\"sc_item_title_text\">Accommodation<\/span><\/h3><\/div><!-- \/.sc_title -->\t\t<\/div>\n\t\t\t\t<\/div>\n\t\t\t\t<div class=\"elementor-element elementor-element-16c523a sc_height_tiny sc_fly_static elementor-widget elementor-widget-spacer\" data-id=\"16c523a\" data-element_type=\"widget\" data-widget_type=\"spacer.default\">\n\t\t\t\t<div class=\"elementor-widget-container\">\n\t\t\t\t\t<div class=\"elementor-spacer\">\n\t\t\t<div class=\"elementor-spacer-inner\"><\/div>\n\t\t<\/div>\n\t\t\t\t<\/div>\n\t\t\t\t<\/div>\n\t\t\t\t\t\t<\/div>\n\t\t\t\t\t<\/div>\n\t\t<\/div>\n\t\t\t\t\t\t\t\t<\/div>\n\t\t\t\t\t<\/div>\n\t\t<\/section>\n\t\t\t\t<section class=\"elementor-section elementor-top-section elementor-element elementor-element-8465ce5 elementor-section-boxed elementor-section-height-default elementor-section-height-default\" data-id=\"8465ce5\" data-element_type=\"section\" data-settings=\"{&quot;background_background&quot;:&quot;classic&quot;}\">\n\t\t\t\t\t\t<div class=\"elementor-container elementor-column-gap-no\">\n\t\t\t\t\t\t\t<div class=\"elementor-row\">\n\t\t\t\t\t<div class=\"elementor-column elementor-col-100 elementor-top-column elementor-element elementor-element-9b1d3c4 sc_inner_width_none sc_content_align_inherit sc_layouts_column_icons_position_left\" data-id=\"9b1d3c4\" data-element_type=\"column\">\n\t\t\t<div class=\"elementor-column-wrap elementor-element-populated\">\n\t\t\t\t\t\t\t<div class=\"elementor-widget-wrap\">\n\t\t\t\t\t\t<div class=\"elementor-element elementor-element-b5e3695 sc_fly_static elementor-widget elementor-widget-text-editor\" data-id=\"b5e3695\" data-element_type=\"widget\" data-widget_type=\"text-editor.default\">\n\t\t\t\t<div class=\"elementor-widget-container\">\n\t\t\t\t\t\t\t\t<div class=\"elementor-text-editor elementor-clearfix\">\n\t\t\t\t<p>A private university foyer located five minutes from the school is reserved especially for our future engineers. Also, the ESIP Group provides international students with a reception and information team for their follow-up, and to help them complete all the administrative formalities and solve any problems they may encounter during their training. at school.<\/p>\t\t\t\t\t<\/div>\n\t\t\t\t\t\t<\/div>\n\t\t\t\t<\/div>\n\t\t\t\t\t\t<\/div>\n\t\t\t\t\t<\/div>\n\t\t<\/div>\n\t\t\t\t\t\t\t\t<\/div>\n\t\t\t\t\t<\/div>\n\t\t<\/section>\n\t\t\t\t<section class=\"elementor-section elementor-top-section elementor-element elementor-element-406431e elementor-section-boxed elementor-section-height-default elementor-section-height-default\" data-id=\"406431e\" data-element_type=\"section\">\n\t\t\t\t\t\t<div class=\"elementor-container elementor-column-gap-extended\">\n\t\t\t\t\t\t\t<div class=\"elementor-row\">\n\t\t\t\t\t<div class=\"elementor-column elementor-col-100 elementor-top-column elementor-element elementor-element-2444926 sc_inner_width_none sc_content_align_inherit sc_layouts_column_icons_position_left\" data-id=\"2444926\" data-element_type=\"column\">\n\t\t\t<div class=\"elementor-column-wrap elementor-element-populated\">\n\t\t\t\t\t\t\t<div class=\"elementor-widget-wrap\">\n\t\t\t\t\t\t<div class=\"elementor-element elementor-element-dcf08b7 sc_height_medium sc_fly_static elementor-widget elementor-widget-spacer\" data-id=\"dcf08b7\" data-element_type=\"widget\" data-widget_type=\"spacer.default\">\n\t\t\t\t<div class=\"elementor-widget-container\">\n\t\t\t\t\t<div class=\"elementor-spacer\">\n\t\t\t<div class=\"elementor-spacer-inner\"><\/div>\n\t\t<\/div>\n\t\t\t\t<\/div>\n\t\t\t\t<\/div>\n\t\t\t\t\t\t<\/div>\n\t\t\t\t\t<\/div>\n\t\t<\/div>\n\t\t\t\t\t\t\t\t<\/div>\n\t\t\t\t\t<\/div>\n\t\t<\/section>\n\t\t\t\t<section class=\"elementor-section elementor-top-section elementor-element elementor-element-e2b1ee8 elementor-section-boxed elementor-section-height-default elementor-section-height-default\" data-id=\"e2b1ee8\" data-element_type=\"section\">\n\t\t\t\t\t\t<div class=\"elementor-container elementor-column-gap-extended\">\n\t\t\t\t\t\t\t<div class=\"elementor-row\">\n\t\t\t\t\t<div class=\"elementor-column elementor-col-100 elementor-top-column elementor-element elementor-element-51f54cc sc_inner_width_none sc_content_align_inherit sc_layouts_column_icons_position_left\" data-id=\"51f54cc\" data-element_type=\"column\">\n\t\t\t<div class=\"elementor-column-wrap elementor-element-populated\">\n\t\t\t\t\t\t\t<div class=\"elementor-widget-wrap\">\n\t\t\t\t\t\t<div class=\"elementor-element elementor-element-ae6214a elementor-aspect-ratio-169 sc_fly_static elementor-widget elementor-widget-video\" data-id=\"ae6214a\" data-element_type=\"widget\" data-settings=\"{&quot;youtube_url&quot;:&quot;https:\\\/\\\/www.youtube.com\\\/watch?v=RC3gqP5aO2k&quot;,&quot;video_type&quot;:&quot;youtube&quot;,&quot;controls&quot;:&quot;yes&quot;,&quot;aspect_ratio&quot;:&quot;169&quot;}\" data-widget_type=\"video.default\">\n\t\t\t\t<div class=\"elementor-widget-container\">\n\t\t\t\t\t<div class=\"elementor-wrapper elementor-fit-aspect-ratio elementor-open-inline\">\n\t\t\t<div class=\"elementor-video\"><\/div>\t\t<\/div>\n\t\t\t\t<\/div>\n\t\t\t\t<\/div>\n\t\t\t\t\t\t<\/div>\n\t\t\t\t\t<\/div>\n\t\t<\/div>\n\t\t\t\t\t\t\t\t<\/div>\n\t\t\t\t\t<\/div>\n\t\t<\/section>\n\t\t\t\t<section class=\"elementor-section elementor-top-section elementor-element elementor-element-956ce94 elementor-section-boxed elementor-section-height-default elementor-section-height-default\" data-id=\"956ce94\" data-element_type=\"section\">\n\t\t\t\t\t\t<div class=\"elementor-container elementor-column-gap-extended\">\n\t\t\t\t\t\t\t<div class=\"elementor-row\">\n\t\t\t\t\t<div class=\"elementor-column elementor-col-100 elementor-top-column elementor-element elementor-element-0798ff2 sc_inner_width_none sc_content_align_inherit sc_layouts_column_icons_position_left\" data-id=\"0798ff2\" data-element_type=\"column\">\n\t\t\t<div class=\"elementor-column-wrap elementor-element-populated\">\n\t\t\t\t\t\t\t<div class=\"elementor-widget-wrap\">\n\t\t\t\t\t\t<div class=\"elementor-element elementor-element-cec524c sc_height_medium sc_fly_static elementor-widget elementor-widget-spacer\" data-id=\"cec524c\" data-element_type=\"widget\" data-widget_type=\"spacer.default\">\n\t\t\t\t<div class=\"elementor-widget-container\">\n\t\t\t\t\t<div class=\"elementor-spacer\">\n\t\t\t<div class=\"elementor-spacer-inner\"><\/div>\n\t\t<\/div>\n\t\t\t\t<\/div>\n\t\t\t\t<\/div>\n\t\t\t\t\t\t<\/div>\n\t\t\t\t\t<\/div>\n\t\t<\/div>\n\t\t\t\t\t\t\t\t<\/div>\n\t\t\t\t\t<\/div>\n\t\t<\/section>\n\t\t\t\t\t\t<\/div>\n\t\t\t\t\t\t<\/div>\n\t\t\t\t\t<\/div>\n\t\t<\/div>","protected":false},"excerpt":{"rendered":"<p>ESIP Etudiants Internationaux Chaque Ann\u00e9e l\u2019ESIP\u00a0accueille un nombre important d\u2019\u00e9tudiants internationaux et TUNISIENS \u00a0d\u00e9sireux de poursuivre leurs \u00e9tudes en cycle pr\u00e9paratoire et en ing\u00e9nierie de l\u2019informatique. Dans un milieu d\u2019\u00e9tudes confortables, L\u2019ESIP de&hellip;<\/p>","protected":false},"author":3,"featured_media":0,"parent":0,"menu_order":0,"comment_status":"closed","ping_status":"closed","template":"","meta":[],"_links":{"self":[{"href":"https:\/\/www.esip.tn\/en\/wp-json\/wp\/v2\/pages\/2664"}],"collection":[{"href":"https:\/\/www.esip.tn\/en\/wp-json\/wp\/v2\/pages"}],"about":[{"href":"https:\/\/www.esip.tn\/en\/wp-json\/wp\/v2\/types\/page"}],"author":[{"embeddable":true,"href":"https:\/\/www.esip.tn\/en\/wp-json\/wp\/v2\/users\/3"}],"replies":[{"embeddable":true,"href":"https:\/\/www.esip.tn\/en\/wp-json\/wp\/v2\/comments?post=2664"}],"version-history":[{"count":13,"href":"https:\/\/www.esip.tn\/en\/wp-json\/wp\/v2\/pages\/2664\/revisions"}],"predecessor-version":[{"id":3468,"href":"https:\/\/www.esip.tn\/en\/wp-json\/wp\/v2\/pages\/2664\/revisions\/3468"}],"wp:attachment":[{"href":"https:\/\/www.esip.tn\/en\/wp-json\/wp\/v2\/media?parent=2664"}],"curies":[{"name":"wp","href":"https:\/\/api.w.org\/{rel}","templated":true}]}}