{"id":2943,"date":"2021-09-09T11:31:04","date_gmt":"2021-09-09T09:31:04","guid":{"rendered":"http:\/\/internetofthings.tn\/?page_id=2943"},"modified":"2021-09-13T13:16:59","modified_gmt":"2021-09-13T11:16:59","slug":"temoignages","status":"publish","type":"page","link":"https:\/\/www.esip.tn\/en\/temoignages\/","title":{"rendered":"Testimonials"},"content":{"rendered":"<div id=\"modal-ready\">\t\t<div data-elementor-type=\"wp-post\" data-elementor-id=\"2943\" class=\"elementor elementor-2943\" data-elementor-settings=\"[]\">\n\t\t\t\t\t\t<div class=\"elementor-inner\">\n\t\t\t\t\t\t\t<div class=\"elementor-section-wrap\">\n\t\t\t\t\t\t\t<section class=\"elementor-section elementor-top-section elementor-element elementor-element-57f7d24 elementor-section-boxed elementor-section-height-default elementor-section-height-default\" data-id=\"57f7d24\" data-element_type=\"section\">\n\t\t\t\t\t\t<div class=\"elementor-container elementor-column-gap-extended\">\n\t\t\t\t\t\t\t<div class=\"elementor-row\">\n\t\t\t\t\t<div class=\"elementor-column elementor-col-100 elementor-top-column elementor-element elementor-element-c9d8812 sc_inner_width_none sc_content_align_inherit sc_layouts_column_icons_position_left\" data-id=\"c9d8812\" data-element_type=\"column\">\n\t\t\t<div class=\"elementor-column-wrap elementor-element-populated\">\n\t\t\t\t\t\t\t<div class=\"elementor-widget-wrap\">\n\t\t\t\t\t\t<div class=\"elementor-element elementor-element-506b7b9 sc_height_tiny sc_fly_static elementor-widget elementor-widget-spacer\" data-id=\"506b7b9\" data-element_type=\"widget\" data-widget_type=\"spacer.default\">\n\t\t\t\t<div class=\"elementor-widget-container\">\n\t\t\t\t\t<div class=\"elementor-spacer\">\n\t\t\t<div class=\"elementor-spacer-inner\"><\/div>\n\t\t<\/div>\n\t\t\t\t<\/div>\n\t\t\t\t<\/div>\n\t\t\t\t<div class=\"elementor-element elementor-element-60092ff sc_fly_static elementor-invisible elementor-widget elementor-widget-trx_sc_title\" data-id=\"60092ff\" data-element_type=\"widget\" data-settings=\"{&quot;_animation&quot;:&quot;fadeIn&quot;,&quot;_animation_mobile&quot;:&quot;none&quot;,&quot;_animation_delay&quot;:200}\" data-widget_type=\"trx_sc_title.default\">\n\t\t\t\t<div class=\"elementor-widget-container\">\n\t\t\t<div id=\"trx_sc_title_764280499\"\n\t\tclass=\"sc_title color_style_link2 sc_title_decoration\"><span class=\"sc_item_subtitle sc_title_subtitle sc_item_subtitle_above sc_item_title_style_decoration\"><span class=\"subtitle_text\"> ESIP<\/span><\/span><h3 class=\"sc_item_title sc_title_title sc_item_title_style_decoration sc_item_title_tag\"><span class=\"sc_item_title_text\">Testimonials<\/span><\/h3><\/div><!-- \/.sc_title -->\t\t<\/div>\n\t\t\t\t<\/div>\n\t\t\t\t<div class=\"elementor-element elementor-element-1900e3c sc_height_tiny sc_fly_static elementor-widget elementor-widget-spacer\" data-id=\"1900e3c\" data-element_type=\"widget\" data-widget_type=\"spacer.default\">\n\t\t\t\t<div class=\"elementor-widget-container\">\n\t\t\t\t\t<div class=\"elementor-spacer\">\n\t\t\t<div class=\"elementor-spacer-inner\"><\/div>\n\t\t<\/div>\n\t\t\t\t<\/div>\n\t\t\t\t<\/div>\n\t\t\t\t\t\t<\/div>\n\t\t\t\t\t<\/div>\n\t\t<\/div>\n\t\t\t\t\t\t\t\t<\/div>\n\t\t\t\t\t<\/div>\n\t\t<\/section>\n\t\t\t\t<section class=\"elementor-section elementor-top-section elementor-element elementor-element-52df583e elementor-section-boxed elementor-section-height-default elementor-section-height-default\" data-id=\"52df583e\" data-element_type=\"section\">\n\t\t\t\t\t\t<div class=\"elementor-container elementor-column-gap-extended\">\n\t\t\t\t\t\t\t<div class=\"elementor-row\">\n\t\t\t\t\t<div class=\"elementor-column elementor-col-100 elementor-top-column elementor-element elementor-element-b13629a sc_inner_width_none sc_content_align_inherit sc_layouts_column_icons_position_left\" data-id=\"b13629a\" data-element_type=\"column\">\n\t\t\t<div class=\"elementor-column-wrap elementor-element-populated\">\n\t\t\t\t\t\t\t<div class=\"elementor-widget-wrap\">\n\t\t\t\t\t\t<div class=\"elementor-element elementor-element-cd6de40 sc_height_small sc_fly_static elementor-widget elementor-widget-spacer\" data-id=\"cd6de40\" data-element_type=\"widget\" data-widget_type=\"spacer.default\">\n\t\t\t\t<div class=\"elementor-widget-container\">\n\t\t\t\t\t<div class=\"elementor-spacer\">\n\t\t\t<div class=\"elementor-spacer-inner\"><\/div>\n\t\t<\/div>\n\t\t\t\t<\/div>\n\t\t\t\t<\/div>\n\t\t\t\t<div class=\"elementor-element elementor-element-2bf22019 sc_fly_static elementor-invisible elementor-widget elementor-widget-trx_sc_testimonials\" data-id=\"2bf22019\" data-element_type=\"widget\" data-settings=\"{&quot;_animation&quot;:&quot;fadeIn&quot;,&quot;_animation_mobile&quot;:&quot;none&quot;,&quot;_animation_delay&quot;:200}\" data-widget_type=\"trx_sc_testimonials.default\">\n\t\t\t\t<div class=\"elementor-widget-container\">\n\t\t\t<div  id=\"trx_sc_testimonials_1901775881\"\t\tclass=\"sc_testimonials sc_testimonials_wide\"><div id=\"trx_sc_testimonials_1901775881_outer\" class=\"sc_testimonials_slider sc_item_slider slider_swiper_outer slider_outer slider_outer_controls slider_outer_controls_top slider_outer_nopagination slider_outer_nocentered slider_outer_overflow_hidden slider_outer_one\">\n\t<div id=\"trx_sc_testimonials_1901775881_swiper\" class=\"slider_container swiper-slider-container slider_swiper slider_noresize slider_controls slider_controls_top slider_nopagination slider_nocentered slider_overflow_hidden slider_one\" data-slides-space=\"30\" data-slides-min-width=\"290\" data-pagination=\"bullets\" data-mouse-wheel=\"0\" data-autoplay=\"1\" data-slides-centered=\"0\" data-slides-overflow=\"0\">\n\t\t<div class=\"slides slider-wrapper swiper-wrapper sc_item_columns_1\"><div class=\"slider-slide swiper-slide\"><div data-post-id=\"105\" class=\"sc_testimonials_item\">\n\n            <div class=\"sc_testimonials_featured_wrap\">\n                <div class=\"post_featured sc_testimonials_item_thumb post_featured_bg impacto_patronus_inline_345531688\"><\/div><!-- .post_featured -->        <\/div>\n    <div class=\"sc_testimonials_content_wrap\">\n        <div class=\"sc_testimonials_item_content\"><div id=\"modal-ready\">\n<h4><strong>ECOLE SUPERIEURE D&#8217;INGENIEURS PRIVEE DE GAFSA<\/strong> <\/h4>\n\n\n\n<p><strong>ECOLE SUPERIEURE D&#8217;INGENIEURS PRIVEE DE GAFSA (ESIP)<\/strong>\u00a0est un \u00e9tablissement d&#8217;enseignement priv\u00e9 qui forme des ing\u00e9nieurs. Il est agr\u00e9\u00e9 par le Minist\u00e8re de l&#8217;Enseignement Sup\u00e9rieur et de la Recherche Scientifique. Elle offre une formation en ing\u00e9nierie.<br><\/p>\n<\/div><\/div>\n        <div class=\"sc_testimonials_item_author\">\n            <div class=\"sc_testimonials_item_author_data\">\n                <h4 class=\"sc_testimonials_item_author_title\">ESIP<\/h4>\n                <div class=\"sc_testimonials_item_author_subtitle\"><\/div>\n            <\/div>\n        <\/div>\n    <\/div>\n\n<\/div>\n<\/div><div class=\"slider-slide swiper-slide\"><div data-post-id=\"103\" class=\"sc_testimonials_item\">\n\n            <div class=\"sc_testimonials_featured_wrap\">\n                <div class=\"post_featured sc_testimonials_item_thumb post_featured_bg impacto_patronus_inline_952348463\"><\/div><!-- .post_featured -->        <\/div>\n    <div class=\"sc_testimonials_content_wrap\">\n        <div class=\"sc_testimonials_item_content\"><div id=\"modal-ready\">\n<h4>Plus qu&#8217;une Formation\u2026 Un Avenir <\/h4>\n\n\n\n<p> #Preparatory Cycle and Engineering Cycle<br>#The specialties in the Preparatory cycle are:<br>1. Math-Physics MP.<br>2. Physics Chemistry PC.<br>#Specialties in the Engineering cycle are:<br>1. RSR Networks and Distributed Systems.<br>2. SLE Embedded Systems and Software.<br>3. ILSI Software and Information Systems Engineering.<br>#Conditions for admission to the 1st year of the Engineering cycle:<br>* Having successfully completed the preparatory cycle for engineering studies. <\/p>\n<\/div><\/div>\n        <div class=\"sc_testimonials_item_author\">\n            <div class=\"sc_testimonials_item_author_data\">\n                <h4 class=\"sc_testimonials_item_author_title\">Testimony<\/h4>\n                <div class=\"sc_testimonials_item_author_subtitle\"><\/div>\n            <\/div>\n        <\/div>\n    <\/div>\n\n<\/div>\n<\/div><\/div><\/div><div class=\"slider_controls_wrap\"><a class=\"slider_prev swiper-button-prev\" href=\"#\"><\/a><a class=\"slider_next swiper-button-next\" href=\"#\"><\/a><\/div><\/div><\/div><!-- \/.sc_testimonials -->\t\t<\/div>\n\t\t\t\t<\/div>\n\t\t\t\t\t\t<\/div>\n\t\t\t\t\t<\/div>\n\t\t<\/div>\n\t\t\t\t\t\t\t\t<\/div>\n\t\t\t\t\t<\/div>\n\t\t<\/section>\n\t\t\t\t<section class=\"elementor-section elementor-top-section elementor-element elementor-element-1cbb665 elementor-section-boxed elementor-section-height-default elementor-section-height-default\" data-id=\"1cbb665\" data-element_type=\"section\">\n\t\t\t\t\t\t<div class=\"elementor-container elementor-column-gap-extended\">\n\t\t\t\t\t\t\t<div class=\"elementor-row\">\n\t\t\t\t\t<div class=\"elementor-column elementor-col-100 elementor-top-column elementor-element elementor-element-bec8394 sc_inner_width_none sc_content_align_inherit sc_layouts_column_icons_position_left\" data-id=\"bec8394\" data-element_type=\"column\">\n\t\t\t<div class=\"elementor-column-wrap elementor-element-populated\">\n\t\t\t\t\t\t\t<div class=\"elementor-widget-wrap\">\n\t\t\t\t\t\t<div class=\"elementor-element elementor-element-08abcb5 sc_height_medium sc_fly_static elementor-widget elementor-widget-spacer\" data-id=\"08abcb5\" data-element_type=\"widget\" data-widget_type=\"spacer.default\">\n\t\t\t\t<div class=\"elementor-widget-container\">\n\t\t\t\t\t<div class=\"elementor-spacer\">\n\t\t\t<div class=\"elementor-spacer-inner\"><\/div>\n\t\t<\/div>\n\t\t\t\t<\/div>\n\t\t\t\t<\/div>\n\t\t\t\t\t\t<\/div>\n\t\t\t\t\t<\/div>\n\t\t<\/div>\n\t\t\t\t\t\t\t\t<\/div>\n\t\t\t\t\t<\/div>\n\t\t<\/section>\n\t\t\t\t\t\t<\/div>\n\t\t\t\t\t\t<\/div>\n\t\t\t\t\t<\/div>\n\t\t<\/div>","protected":false},"excerpt":{"rendered":"<p>ESIP T\u00e9moignages ECOLE SUPERIEURE D&rsquo;INGENIEURS PRIVEE DE GAFSA ECOLE SUPERIEURE D&rsquo;INGENIEURS PRIVEE DE GAFSA (ESIP)\u00a0est un \u00e9tablissement d&rsquo;enseignement priv\u00e9 qui forme des ing\u00e9nieurs. Il est agr\u00e9\u00e9 par le Minist\u00e8re de l&rsquo;Enseignement Sup\u00e9rieur et&hellip;<\/p>","protected":false},"author":3,"featured_media":0,"parent":0,"menu_order":0,"comment_status":"closed","ping_status":"closed","template":"","meta":[],"_links":{"self":[{"href":"https:\/\/www.esip.tn\/en\/wp-json\/wp\/v2\/pages\/2943"}],"collection":[{"href":"https:\/\/www.esip.tn\/en\/wp-json\/wp\/v2\/pages"}],"about":[{"href":"https:\/\/www.esip.tn\/en\/wp-json\/wp\/v2\/types\/page"}],"author":[{"embeddable":true,"href":"https:\/\/www.esip.tn\/en\/wp-json\/wp\/v2\/users\/3"}],"replies":[{"embeddable":true,"href":"https:\/\/www.esip.tn\/en\/wp-json\/wp\/v2\/comments?post=2943"}],"version-history":[{"count":7,"href":"https:\/\/www.esip.tn\/en\/wp-json\/wp\/v2\/pages\/2943\/revisions"}],"predecessor-version":[{"id":3453,"href":"https:\/\/www.esip.tn\/en\/wp-json\/wp\/v2\/pages\/2943\/revisions\/3453"}],"wp:attachment":[{"href":"https:\/\/www.esip.tn\/en\/wp-json\/wp\/v2\/media?parent=2943"}],"curies":[{"name":"wp","href":"https:\/\/api.w.org\/{rel}","templated":true}]}}