{"id":342,"date":"2019-03-02T10:30:17","date_gmt":"2019-03-02T10:30:17","guid":{"rendered":"http:\/\/internetofthings.tn\/?page_id=342"},"modified":"2021-09-23T12:57:54","modified_gmt":"2021-09-23T10:57:54","slug":"galerie","status":"publish","type":"page","link":"https:\/\/www.esip.tn\/en\/galerie\/","title":{"rendered":"Gallery"},"content":{"rendered":"<div id=\"modal-ready\">\t\t<div data-elementor-type=\"wp-post\" data-elementor-id=\"342\" class=\"elementor elementor-342\" data-elementor-settings=\"[]\">\n\t\t\t\t\t\t<div class=\"elementor-inner\">\n\t\t\t\t\t\t\t<div class=\"elementor-section-wrap\">\n\t\t\t\t\t\t\t<section class=\"elementor-section elementor-top-section elementor-element elementor-element-ee14149 elementor-section-boxed elementor-section-height-default elementor-section-height-default\" data-id=\"ee14149\" data-element_type=\"section\">\n\t\t\t\t\t\t<div class=\"elementor-container elementor-column-gap-extended\">\n\t\t\t\t\t\t\t<div class=\"elementor-row\">\n\t\t\t\t\t<div class=\"elementor-column elementor-col-100 elementor-top-column elementor-element elementor-element-7a7597a sc_inner_width_none sc_content_align_inherit sc_layouts_column_icons_position_left\" data-id=\"7a7597a\" data-element_type=\"column\">\n\t\t\t<div class=\"elementor-column-wrap elementor-element-populated\">\n\t\t\t\t\t\t\t<div class=\"elementor-widget-wrap\">\n\t\t\t\t\t\t<div class=\"elementor-element elementor-element-45e247a sc_height_tiny sc_fly_static elementor-widget elementor-widget-spacer\" data-id=\"45e247a\" data-element_type=\"widget\" data-widget_type=\"spacer.default\">\n\t\t\t\t<div class=\"elementor-widget-container\">\n\t\t\t\t\t<div class=\"elementor-spacer\">\n\t\t\t<div class=\"elementor-spacer-inner\"><\/div>\n\t\t<\/div>\n\t\t\t\t<\/div>\n\t\t\t\t<\/div>\n\t\t\t\t<div class=\"elementor-element elementor-element-9037b55 sc_fly_static elementor-invisible elementor-widget elementor-widget-trx_sc_title\" data-id=\"9037b55\" data-element_type=\"widget\" data-settings=\"{&quot;_animation&quot;:&quot;fadeIn&quot;,&quot;_animation_mobile&quot;:&quot;none&quot;,&quot;_animation_delay&quot;:200}\" data-widget_type=\"trx_sc_title.default\">\n\t\t\t\t<div class=\"elementor-widget-container\">\n\t\t\t<div id=\"trx_sc_title_1223471852\"\n\t\tclass=\"sc_title color_style_link2 sc_title_decoration\"><span class=\"sc_item_subtitle sc_title_subtitle sc_item_subtitle_above sc_item_title_style_decoration\"><span class=\"subtitle_text\"> ESIP<\/span><\/span><h3 class=\"sc_item_title sc_title_title sc_item_title_style_decoration sc_item_title_tag\"><span class=\"sc_item_title_text\">Gallery<\/span><\/h3><\/div><!-- \/.sc_title -->\t\t<\/div>\n\t\t\t\t<\/div>\n\t\t\t\t<div class=\"elementor-element elementor-element-d157160 sc_height_tiny sc_fly_static elementor-widget elementor-widget-spacer\" data-id=\"d157160\" data-element_type=\"widget\" data-widget_type=\"spacer.default\">\n\t\t\t\t<div class=\"elementor-widget-container\">\n\t\t\t\t\t<div class=\"elementor-spacer\">\n\t\t\t<div class=\"elementor-spacer-inner\"><\/div>\n\t\t<\/div>\n\t\t\t\t<\/div>\n\t\t\t\t<\/div>\n\t\t\t\t\t\t<\/div>\n\t\t\t\t\t<\/div>\n\t\t<\/div>\n\t\t\t\t\t\t\t\t<\/div>\n\t\t\t\t\t<\/div>\n\t\t<\/section>\n\t\t\t\t<section class=\"elementor-section elementor-top-section elementor-element elementor-element-617733a elementor-section-boxed elementor-section-height-default elementor-section-height-default\" data-id=\"617733a\" data-element_type=\"section\">\n\t\t\t\t\t\t<div class=\"elementor-container elementor-column-gap-extended\">\n\t\t\t\t\t\t\t<div class=\"elementor-row\">\n\t\t\t\t\t<div class=\"elementor-column elementor-col-50 elementor-top-column elementor-element elementor-element-c57ff05 sc_inner_width_none sc_content_align_inherit sc_layouts_column_icons_position_left\" data-id=\"c57ff05\" data-element_type=\"column\">\n\t\t\t<div class=\"elementor-column-wrap elementor-element-populated\">\n\t\t\t\t\t\t\t<div class=\"elementor-widget-wrap\">\n\t\t\t\t\t\t<div class=\"elementor-element elementor-element-03004a3 sc_fly_static elementor-widget elementor-widget-heading\" data-id=\"03004a3\" data-element_type=\"widget\" data-widget_type=\"heading.default\">\n\t\t\t\t<div class=\"elementor-widget-container\">\n\t\t\t<h6 class=\"elementor-heading-title elementor-size-default\">Full Stack developers WEB development training day<\/h6>\t\t<\/div>\n\t\t\t\t<\/div>\n\t\t\t\t<div class=\"elementor-element elementor-element-3b9919f elementor-arrows-position-inside elementor-pagination-position-outside sc_fly_static elementor-widget elementor-widget-image-carousel\" data-id=\"3b9919f\" data-element_type=\"widget\" data-settings=\"{&quot;slides_to_show&quot;:&quot;1&quot;,&quot;autoplay&quot;:&quot;no&quot;,&quot;navigation&quot;:&quot;both&quot;,&quot;infinite&quot;:&quot;yes&quot;,&quot;effect&quot;:&quot;slide&quot;,&quot;speed&quot;:500}\" data-widget_type=\"image-carousel.default\">\n\t\t\t\t<div class=\"elementor-widget-container\">\n\t\t\t\t\t<div class=\"elementor-image-carousel-wrapper swiper-container\" dir=\"ltr\">\n\t\t\t<div class=\"elementor-image-carousel swiper-wrapper swiper-image-stretch\">\n\t\t\t\t\t\t\t\t<div class=\"swiper-slide\"><a data-elementor-open-lightbox=\"yes\" data-elementor-lightbox-slideshow=\"3b9919f\" data-elementor-lightbox-title=\"g1_1\" href=\"https:\/\/www.esip.tn\/wp-content\/uploads\/2021\/09\/g1_1.jpg\"><figure class=\"swiper-slide-inner\"><img decoding=\"async\" class=\"swiper-slide-image\" src=\"https:\/\/www.esip.tn\/wp-content\/uploads\/2021\/09\/g1_1.jpg\" alt=\"g1_1\" \/><\/figure><\/a><\/div><div class=\"swiper-slide\"><a data-elementor-open-lightbox=\"yes\" data-elementor-lightbox-slideshow=\"3b9919f\" data-elementor-lightbox-title=\"g1_2\" href=\"https:\/\/www.esip.tn\/wp-content\/uploads\/2021\/09\/g1_2.jpg\"><figure class=\"swiper-slide-inner\"><img decoding=\"async\" class=\"swiper-slide-image\" src=\"https:\/\/www.esip.tn\/wp-content\/uploads\/2021\/09\/g1_2.jpg\" alt=\"g1_2\" \/><\/figure><\/a><\/div><div class=\"swiper-slide\"><a data-elementor-open-lightbox=\"yes\" data-elementor-lightbox-slideshow=\"3b9919f\" data-elementor-lightbox-title=\"g1_3\" href=\"https:\/\/www.esip.tn\/wp-content\/uploads\/2021\/09\/g1_3.jpg\"><figure class=\"swiper-slide-inner\"><img decoding=\"async\" class=\"swiper-slide-image\" src=\"https:\/\/www.esip.tn\/wp-content\/uploads\/2021\/09\/g1_3.jpg\" alt=\"g1_3\" \/><\/figure><\/a><\/div><div class=\"swiper-slide\"><a data-elementor-open-lightbox=\"yes\" data-elementor-lightbox-slideshow=\"3b9919f\" data-elementor-lightbox-title=\"g1_4\" href=\"https:\/\/www.esip.tn\/wp-content\/uploads\/2021\/09\/g1_4.jpg\"><figure class=\"swiper-slide-inner\"><img decoding=\"async\" class=\"swiper-slide-image\" src=\"https:\/\/www.esip.tn\/wp-content\/uploads\/2021\/09\/g1_4.jpg\" alt=\"g1_4\" \/><\/figure><\/a><\/div><div class=\"swiper-slide\"><a data-elementor-open-lightbox=\"yes\" data-elementor-lightbox-slideshow=\"3b9919f\" data-elementor-lightbox-title=\"g1_6\" href=\"https:\/\/www.esip.tn\/wp-content\/uploads\/2021\/09\/g1_6.jpg\"><figure class=\"swiper-slide-inner\"><img decoding=\"async\" class=\"swiper-slide-image\" src=\"https:\/\/www.esip.tn\/wp-content\/uploads\/2021\/09\/g1_6.jpg\" alt=\"g1_6\" \/><\/figure><\/a><\/div><div class=\"swiper-slide\"><a data-elementor-open-lightbox=\"yes\" data-elementor-lightbox-slideshow=\"3b9919f\" data-elementor-lightbox-title=\"g1_7\" href=\"https:\/\/www.esip.tn\/wp-content\/uploads\/2021\/09\/g1_7.jpg\"><figure class=\"swiper-slide-inner\"><img decoding=\"async\" class=\"swiper-slide-image\" src=\"https:\/\/www.esip.tn\/wp-content\/uploads\/2021\/09\/g1_7.jpg\" alt=\"g1_7\" \/><\/figure><\/a><\/div>\t\t\t<\/div>\n\t\t\t\t\t\t\t\t\t\t\t\t<div class=\"swiper-pagination\"><\/div>\n\t\t\t\t\t\t\t\t\t\t\t\t\t<div class=\"elementor-swiper-button elementor-swiper-button-prev\">\n\t\t\t\t\t\t<i class=\"eicon-chevron-left\" aria-hidden=\"true\"><\/i>\n\t\t\t\t\t\t<span class=\"elementor-screen-only\">Previous<\/span>\n\t\t\t\t\t<\/div>\n\t\t\t\t\t<div class=\"elementor-swiper-button elementor-swiper-button-next\">\n\t\t\t\t\t\t<i class=\"eicon-chevron-right\" aria-hidden=\"true\"><\/i>\n\t\t\t\t\t\t<span class=\"elementor-screen-only\">Next<\/span>\n\t\t\t\t\t<\/div>\n\t\t\t\t\t\t\t\t\t<\/div>\n\t\t\t\t<\/div>\n\t\t\t\t<\/div>\n\t\t\t\t\t\t<\/div>\n\t\t\t\t\t<\/div>\n\t\t<\/div>\n\t\t\t\t<div class=\"elementor-column elementor-col-50 elementor-top-column elementor-element elementor-element-de0580f sc_inner_width_none sc_content_align_inherit sc_layouts_column_icons_position_left\" data-id=\"de0580f\" data-element_type=\"column\">\n\t\t\t<div class=\"elementor-column-wrap elementor-element-populated\">\n\t\t\t\t\t\t\t<div class=\"elementor-widget-wrap\">\n\t\t\t\t\t\t<div class=\"elementor-element elementor-element-15bc6d8 sc_fly_static elementor-widget elementor-widget-heading\" data-id=\"15bc6d8\" data-element_type=\"widget\" data-widget_type=\"heading.default\">\n\t\t\t\t<div class=\"elementor-widget-container\">\n\t\t\t<h6 class=\"elementor-heading-title elementor-size-default\">2019 graduation ceremony<\/h6>\t\t<\/div>\n\t\t\t\t<\/div>\n\t\t\t\t<div class=\"elementor-element elementor-element-d5136c2 elementor-arrows-position-inside elementor-pagination-position-outside sc_fly_static elementor-widget elementor-widget-image-carousel\" data-id=\"d5136c2\" data-element_type=\"widget\" data-settings=\"{&quot;slides_to_show&quot;:&quot;1&quot;,&quot;autoplay&quot;:&quot;no&quot;,&quot;navigation&quot;:&quot;both&quot;,&quot;infinite&quot;:&quot;yes&quot;,&quot;effect&quot;:&quot;slide&quot;,&quot;speed&quot;:500}\" data-widget_type=\"image-carousel.default\">\n\t\t\t\t<div class=\"elementor-widget-container\">\n\t\t\t\t\t<div class=\"elementor-image-carousel-wrapper swiper-container\" dir=\"ltr\">\n\t\t\t<div class=\"elementor-image-carousel swiper-wrapper swiper-image-stretch\">\n\t\t\t\t\t\t\t\t<div class=\"swiper-slide\"><a data-elementor-open-lightbox=\"yes\" data-elementor-lightbox-slideshow=\"d5136c2\" data-elementor-lightbox-title=\"g2_1\" href=\"https:\/\/www.esip.tn\/wp-content\/uploads\/2021\/09\/g2_1.jpg\"><figure class=\"swiper-slide-inner\"><img decoding=\"async\" class=\"swiper-slide-image\" src=\"https:\/\/www.esip.tn\/wp-content\/uploads\/2021\/09\/g2_1.jpg\" alt=\"g2_1\" \/><\/figure><\/a><\/div><div class=\"swiper-slide\"><a data-elementor-open-lightbox=\"yes\" data-elementor-lightbox-slideshow=\"d5136c2\" data-elementor-lightbox-title=\"g2_2\" href=\"https:\/\/www.esip.tn\/wp-content\/uploads\/2021\/09\/g2_2.jpg\"><figure class=\"swiper-slide-inner\"><img decoding=\"async\" class=\"swiper-slide-image\" src=\"https:\/\/www.esip.tn\/wp-content\/uploads\/2021\/09\/g2_2.jpg\" alt=\"g2_2\" \/><\/figure><\/a><\/div><div class=\"swiper-slide\"><a data-elementor-open-lightbox=\"yes\" data-elementor-lightbox-slideshow=\"d5136c2\" data-elementor-lightbox-title=\"g2_3\" href=\"https:\/\/www.esip.tn\/wp-content\/uploads\/2021\/09\/g2_3.jpg\"><figure class=\"swiper-slide-inner\"><img decoding=\"async\" class=\"swiper-slide-image\" src=\"https:\/\/www.esip.tn\/wp-content\/uploads\/2021\/09\/g2_3.jpg\" alt=\"g2_3\" \/><\/figure><\/a><\/div><div class=\"swiper-slide\"><a data-elementor-open-lightbox=\"yes\" data-elementor-lightbox-slideshow=\"d5136c2\" data-elementor-lightbox-title=\"g2_4\" href=\"https:\/\/www.esip.tn\/wp-content\/uploads\/2021\/09\/g2_4.jpg\"><figure class=\"swiper-slide-inner\"><img decoding=\"async\" class=\"swiper-slide-image\" src=\"https:\/\/www.esip.tn\/wp-content\/uploads\/2021\/09\/g2_4.jpg\" alt=\"g2_4\" \/><\/figure><\/a><\/div>\t\t\t<\/div>\n\t\t\t\t\t\t\t\t\t\t\t\t<div class=\"swiper-pagination\"><\/div>\n\t\t\t\t\t\t\t\t\t\t\t\t\t<div class=\"elementor-swiper-button elementor-swiper-button-prev\">\n\t\t\t\t\t\t<i class=\"eicon-chevron-left\" aria-hidden=\"true\"><\/i>\n\t\t\t\t\t\t<span class=\"elementor-screen-only\">Previous<\/span>\n\t\t\t\t\t<\/div>\n\t\t\t\t\t<div class=\"elementor-swiper-button elementor-swiper-button-next\">\n\t\t\t\t\t\t<i class=\"eicon-chevron-right\" aria-hidden=\"true\"><\/i>\n\t\t\t\t\t\t<span class=\"elementor-screen-only\">Next<\/span>\n\t\t\t\t\t<\/div>\n\t\t\t\t\t\t\t\t\t<\/div>\n\t\t\t\t<\/div>\n\t\t\t\t<\/div>\n\t\t\t\t\t\t<\/div>\n\t\t\t\t\t<\/div>\n\t\t<\/div>\n\t\t\t\t\t\t\t\t<\/div>\n\t\t\t\t\t<\/div>\n\t\t<\/section>\n\t\t\t\t<section class=\"elementor-section elementor-top-section elementor-element elementor-element-f603488 elementor-section-boxed elementor-section-height-default elementor-section-height-default\" data-id=\"f603488\" data-element_type=\"section\">\n\t\t\t\t\t\t<div class=\"elementor-container elementor-column-gap-extended\">\n\t\t\t\t\t\t\t<div class=\"elementor-row\">\n\t\t\t\t\t<div class=\"elementor-column elementor-col-100 elementor-top-column elementor-element elementor-element-b23ca3e sc_inner_width_none sc_content_align_inherit sc_layouts_column_icons_position_left\" data-id=\"b23ca3e\" data-element_type=\"column\">\n\t\t\t<div class=\"elementor-column-wrap elementor-element-populated\">\n\t\t\t\t\t\t\t<div class=\"elementor-widget-wrap\">\n\t\t\t\t\t\t<div class=\"elementor-element elementor-element-48a0c81 sc_height_small sc_fly_static elementor-widget elementor-widget-spacer\" data-id=\"48a0c81\" data-element_type=\"widget\" data-widget_type=\"spacer.default\">\n\t\t\t\t<div class=\"elementor-widget-container\">\n\t\t\t\t\t<div class=\"elementor-spacer\">\n\t\t\t<div class=\"elementor-spacer-inner\"><\/div>\n\t\t<\/div>\n\t\t\t\t<\/div>\n\t\t\t\t<\/div>\n\t\t\t\t<div class=\"elementor-element elementor-element-e8596eb elementor-widget-divider--view-line sc_fly_static elementor-widget elementor-widget-divider\" data-id=\"e8596eb\" data-element_type=\"widget\" data-widget_type=\"divider.default\">\n\t\t\t\t<div class=\"elementor-widget-container\">\n\t\t\t\t\t<div class=\"elementor-divider\">\n\t\t\t<span class=\"elementor-divider-separator\">\n\t\t\t\t\t\t<\/span>\n\t\t<\/div>\n\t\t\t\t<\/div>\n\t\t\t\t<\/div>\n\t\t\t\t\t\t<\/div>\n\t\t\t\t\t<\/div>\n\t\t<\/div>\n\t\t\t\t\t\t\t\t<\/div>\n\t\t\t\t\t<\/div>\n\t\t<\/section>\n\t\t\t\t<section class=\"elementor-section elementor-top-section elementor-element elementor-element-af37175 elementor-section-boxed elementor-section-height-default elementor-section-height-default\" data-id=\"af37175\" data-element_type=\"section\">\n\t\t\t\t\t\t<div class=\"elementor-container elementor-column-gap-extended\">\n\t\t\t\t\t\t\t<div class=\"elementor-row\">\n\t\t\t\t\t<div class=\"elementor-column elementor-col-100 elementor-top-column elementor-element elementor-element-8996081 sc_inner_width_none sc_content_align_inherit sc_layouts_column_icons_position_left\" data-id=\"8996081\" data-element_type=\"column\">\n\t\t\t<div class=\"elementor-column-wrap elementor-element-populated\">\n\t\t\t\t\t\t\t<div class=\"elementor-widget-wrap\">\n\t\t\t\t\t\t<div class=\"elementor-element elementor-element-3e982a3 sc_height_small sc_fly_static elementor-widget elementor-widget-spacer\" data-id=\"3e982a3\" data-element_type=\"widget\" data-widget_type=\"spacer.default\">\n\t\t\t\t<div class=\"elementor-widget-container\">\n\t\t\t\t\t<div class=\"elementor-spacer\">\n\t\t\t<div class=\"elementor-spacer-inner\"><\/div>\n\t\t<\/div>\n\t\t\t\t<\/div>\n\t\t\t\t<\/div>\n\t\t\t\t\t\t<\/div>\n\t\t\t\t\t<\/div>\n\t\t<\/div>\n\t\t\t\t\t\t\t\t<\/div>\n\t\t\t\t\t<\/div>\n\t\t<\/section>\n\t\t\t\t<section class=\"elementor-section elementor-top-section elementor-element elementor-element-12266e1 elementor-section-boxed elementor-section-height-default elementor-section-height-default\" data-id=\"12266e1\" data-element_type=\"section\">\n\t\t\t\t\t\t<div class=\"elementor-container elementor-column-gap-extended\">\n\t\t\t\t\t\t\t<div class=\"elementor-row\">\n\t\t\t\t\t<div class=\"elementor-column elementor-col-50 elementor-top-column elementor-element elementor-element-fc2a476 sc_inner_width_none sc_content_align_inherit sc_layouts_column_icons_position_left\" data-id=\"fc2a476\" data-element_type=\"column\">\n\t\t\t<div class=\"elementor-column-wrap elementor-element-populated\">\n\t\t\t\t\t\t\t<div class=\"elementor-widget-wrap\">\n\t\t\t\t\t\t<div class=\"elementor-element elementor-element-08fa5dc sc_fly_static elementor-widget elementor-widget-heading\" data-id=\"08fa5dc\" data-element_type=\"widget\" data-widget_type=\"heading.default\">\n\t\t\t\t<div class=\"elementor-widget-container\">\n\t\t\t<h6 class=\"elementor-heading-title elementor-size-default\">2018 graduation ceremony\n<\/h6>\t\t<\/div>\n\t\t\t\t<\/div>\n\t\t\t\t<div class=\"elementor-element elementor-element-b5644c8 elementor-arrows-position-inside elementor-pagination-position-outside sc_fly_static elementor-widget elementor-widget-image-carousel\" data-id=\"b5644c8\" data-element_type=\"widget\" data-settings=\"{&quot;slides_to_show&quot;:&quot;1&quot;,&quot;autoplay&quot;:&quot;no&quot;,&quot;navigation&quot;:&quot;both&quot;,&quot;infinite&quot;:&quot;yes&quot;,&quot;effect&quot;:&quot;slide&quot;,&quot;speed&quot;:500}\" data-widget_type=\"image-carousel.default\">\n\t\t\t\t<div class=\"elementor-widget-container\">\n\t\t\t\t\t<div class=\"elementor-image-carousel-wrapper swiper-container\" dir=\"ltr\">\n\t\t\t<div class=\"elementor-image-carousel swiper-wrapper swiper-image-stretch\">\n\t\t\t\t\t\t\t\t<div class=\"swiper-slide\"><a data-elementor-open-lightbox=\"yes\" data-elementor-lightbox-slideshow=\"b5644c8\" data-elementor-lightbox-title=\"g3_1\" href=\"https:\/\/www.esip.tn\/wp-content\/uploads\/2021\/09\/g3_1.jpg\"><figure class=\"swiper-slide-inner\"><img decoding=\"async\" class=\"swiper-slide-image\" src=\"https:\/\/www.esip.tn\/wp-content\/uploads\/2021\/09\/g3_1.jpg\" alt=\"g3_1\" \/><\/figure><\/a><\/div><div class=\"swiper-slide\"><a data-elementor-open-lightbox=\"yes\" data-elementor-lightbox-slideshow=\"b5644c8\" data-elementor-lightbox-title=\"g3_2\" href=\"https:\/\/www.esip.tn\/wp-content\/uploads\/2021\/09\/g3_2.jpg\"><figure class=\"swiper-slide-inner\"><img decoding=\"async\" class=\"swiper-slide-image\" src=\"https:\/\/www.esip.tn\/wp-content\/uploads\/2021\/09\/g3_2.jpg\" alt=\"g3_2\" \/><\/figure><\/a><\/div><div class=\"swiper-slide\"><a data-elementor-open-lightbox=\"yes\" data-elementor-lightbox-slideshow=\"b5644c8\" data-elementor-lightbox-title=\"g3_3\" href=\"https:\/\/www.esip.tn\/wp-content\/uploads\/2021\/09\/g3_3.jpg\"><figure class=\"swiper-slide-inner\"><img decoding=\"async\" class=\"swiper-slide-image\" src=\"https:\/\/www.esip.tn\/wp-content\/uploads\/2021\/09\/g3_3.jpg\" alt=\"g3_3\" \/><\/figure><\/a><\/div><div class=\"swiper-slide\"><a data-elementor-open-lightbox=\"yes\" data-elementor-lightbox-slideshow=\"b5644c8\" data-elementor-lightbox-title=\"g3_4\" href=\"https:\/\/www.esip.tn\/wp-content\/uploads\/2021\/09\/g3_4.jpg\"><figure class=\"swiper-slide-inner\"><img decoding=\"async\" class=\"swiper-slide-image\" src=\"https:\/\/www.esip.tn\/wp-content\/uploads\/2021\/09\/g3_4.jpg\" alt=\"g3_4\" \/><\/figure><\/a><\/div><div class=\"swiper-slide\"><a data-elementor-open-lightbox=\"yes\" data-elementor-lightbox-slideshow=\"b5644c8\" data-elementor-lightbox-title=\"g3_5\" href=\"https:\/\/www.esip.tn\/wp-content\/uploads\/2021\/09\/g3_5.jpg\"><figure class=\"swiper-slide-inner\"><img decoding=\"async\" class=\"swiper-slide-image\" src=\"https:\/\/www.esip.tn\/wp-content\/uploads\/2021\/09\/g3_5.jpg\" alt=\"g3_5\" \/><\/figure><\/a><\/div>\t\t\t<\/div>\n\t\t\t\t\t\t\t\t\t\t\t\t<div class=\"swiper-pagination\"><\/div>\n\t\t\t\t\t\t\t\t\t\t\t\t\t<div class=\"elementor-swiper-button elementor-swiper-button-prev\">\n\t\t\t\t\t\t<i class=\"eicon-chevron-left\" aria-hidden=\"true\"><\/i>\n\t\t\t\t\t\t<span class=\"elementor-screen-only\">Previous<\/span>\n\t\t\t\t\t<\/div>\n\t\t\t\t\t<div class=\"elementor-swiper-button elementor-swiper-button-next\">\n\t\t\t\t\t\t<i class=\"eicon-chevron-right\" aria-hidden=\"true\"><\/i>\n\t\t\t\t\t\t<span class=\"elementor-screen-only\">Next<\/span>\n\t\t\t\t\t<\/div>\n\t\t\t\t\t\t\t\t\t<\/div>\n\t\t\t\t<\/div>\n\t\t\t\t<\/div>\n\t\t\t\t\t\t<\/div>\n\t\t\t\t\t<\/div>\n\t\t<\/div>\n\t\t\t\t<div class=\"elementor-column elementor-col-50 elementor-top-column elementor-element elementor-element-df0782c sc_inner_width_none sc_content_align_inherit sc_layouts_column_icons_position_left\" data-id=\"df0782c\" data-element_type=\"column\">\n\t\t\t<div class=\"elementor-column-wrap elementor-element-populated\">\n\t\t\t\t\t\t\t<div class=\"elementor-widget-wrap\">\n\t\t\t\t\t\t<div class=\"elementor-element elementor-element-7801fa2 sc_fly_static elementor-widget elementor-widget-heading\" data-id=\"7801fa2\" data-element_type=\"widget\" data-widget_type=\"heading.default\">\n\t\t\t\t<div class=\"elementor-widget-container\">\n\t\t\t<h6 class=\"elementor-heading-title elementor-size-default\">AERODAY<\/h6>\t\t<\/div>\n\t\t\t\t<\/div>\n\t\t\t\t<div class=\"elementor-element elementor-element-21c5070 elementor-arrows-position-inside elementor-pagination-position-outside sc_fly_static elementor-widget elementor-widget-image-carousel\" data-id=\"21c5070\" data-element_type=\"widget\" data-settings=\"{&quot;slides_to_show&quot;:&quot;1&quot;,&quot;autoplay&quot;:&quot;no&quot;,&quot;navigation&quot;:&quot;both&quot;,&quot;infinite&quot;:&quot;yes&quot;,&quot;effect&quot;:&quot;slide&quot;,&quot;speed&quot;:500}\" data-widget_type=\"image-carousel.default\">\n\t\t\t\t<div class=\"elementor-widget-container\">\n\t\t\t\t\t<div class=\"elementor-image-carousel-wrapper swiper-container\" dir=\"ltr\">\n\t\t\t<div class=\"elementor-image-carousel swiper-wrapper swiper-image-stretch\">\n\t\t\t\t\t\t\t\t<div class=\"swiper-slide\"><a data-elementor-open-lightbox=\"yes\" data-elementor-lightbox-slideshow=\"21c5070\" data-elementor-lightbox-title=\"g4_1\" href=\"https:\/\/www.esip.tn\/wp-content\/uploads\/2021\/09\/g4_1.jpg\"><figure class=\"swiper-slide-inner\"><img decoding=\"async\" class=\"swiper-slide-image\" src=\"https:\/\/www.esip.tn\/wp-content\/uploads\/2021\/09\/g4_1.jpg\" alt=\"g4_1\" \/><\/figure><\/a><\/div><div class=\"swiper-slide\"><a data-elementor-open-lightbox=\"yes\" data-elementor-lightbox-slideshow=\"21c5070\" data-elementor-lightbox-title=\"g4_2\" href=\"https:\/\/www.esip.tn\/wp-content\/uploads\/2021\/09\/g4_2.jpg\"><figure class=\"swiper-slide-inner\"><img decoding=\"async\" class=\"swiper-slide-image\" src=\"https:\/\/www.esip.tn\/wp-content\/uploads\/2021\/09\/g4_2.jpg\" alt=\"g4_2\" \/><\/figure><\/a><\/div><div class=\"swiper-slide\"><a data-elementor-open-lightbox=\"yes\" data-elementor-lightbox-slideshow=\"21c5070\" data-elementor-lightbox-title=\"g4_3\" href=\"https:\/\/www.esip.tn\/wp-content\/uploads\/2021\/09\/g4_3.jpg\"><figure class=\"swiper-slide-inner\"><img decoding=\"async\" class=\"swiper-slide-image\" src=\"https:\/\/www.esip.tn\/wp-content\/uploads\/2021\/09\/g4_3.jpg\" alt=\"g4_3\" \/><\/figure><\/a><\/div><div class=\"swiper-slide\"><a data-elementor-open-lightbox=\"yes\" data-elementor-lightbox-slideshow=\"21c5070\" data-elementor-lightbox-title=\"g4_4\" href=\"https:\/\/www.esip.tn\/wp-content\/uploads\/2021\/09\/g4_4.jpg\"><figure class=\"swiper-slide-inner\"><img decoding=\"async\" class=\"swiper-slide-image\" src=\"https:\/\/www.esip.tn\/wp-content\/uploads\/2021\/09\/g4_4.jpg\" alt=\"g4_4\" \/><\/figure><\/a><\/div><div class=\"swiper-slide\"><a data-elementor-open-lightbox=\"yes\" data-elementor-lightbox-slideshow=\"21c5070\" data-elementor-lightbox-title=\"g4_5\" href=\"https:\/\/www.esip.tn\/wp-content\/uploads\/2021\/09\/g4_5.jpg\"><figure class=\"swiper-slide-inner\"><img decoding=\"async\" class=\"swiper-slide-image\" src=\"https:\/\/www.esip.tn\/wp-content\/uploads\/2021\/09\/g4_5.jpg\" alt=\"g4_5\" \/><\/figure><\/a><\/div>\t\t\t<\/div>\n\t\t\t\t\t\t\t\t\t\t\t\t<div class=\"swiper-pagination\"><\/div>\n\t\t\t\t\t\t\t\t\t\t\t\t\t<div class=\"elementor-swiper-button elementor-swiper-button-prev\">\n\t\t\t\t\t\t<i class=\"eicon-chevron-left\" aria-hidden=\"true\"><\/i>\n\t\t\t\t\t\t<span class=\"elementor-screen-only\">Previous<\/span>\n\t\t\t\t\t<\/div>\n\t\t\t\t\t<div class=\"elementor-swiper-button elementor-swiper-button-next\">\n\t\t\t\t\t\t<i class=\"eicon-chevron-right\" aria-hidden=\"true\"><\/i>\n\t\t\t\t\t\t<span class=\"elementor-screen-only\">Next<\/span>\n\t\t\t\t\t<\/div>\n\t\t\t\t\t\t\t\t\t<\/div>\n\t\t\t\t<\/div>\n\t\t\t\t<\/div>\n\t\t\t\t\t\t<\/div>\n\t\t\t\t\t<\/div>\n\t\t<\/div>\n\t\t\t\t\t\t\t\t<\/div>\n\t\t\t\t\t<\/div>\n\t\t<\/section>\n\t\t\t\t<section class=\"elementor-section elementor-top-section elementor-element elementor-element-d2abe96 elementor-section-boxed elementor-section-height-default elementor-section-height-default\" data-id=\"d2abe96\" data-element_type=\"section\">\n\t\t\t\t\t\t<div class=\"elementor-container elementor-column-gap-extended\">\n\t\t\t\t\t\t\t<div class=\"elementor-row\">\n\t\t\t\t\t<div class=\"elementor-column elementor-col-100 elementor-top-column elementor-element elementor-element-f8de489 sc_inner_width_none sc_content_align_inherit sc_layouts_column_icons_position_left\" data-id=\"f8de489\" data-element_type=\"column\">\n\t\t\t<div class=\"elementor-column-wrap elementor-element-populated\">\n\t\t\t\t\t\t\t<div class=\"elementor-widget-wrap\">\n\t\t\t\t\t\t<div class=\"elementor-element elementor-element-228ad61 sc_height_medium sc_fly_static elementor-widget elementor-widget-spacer\" data-id=\"228ad61\" data-element_type=\"widget\" data-widget_type=\"spacer.default\">\n\t\t\t\t<div class=\"elementor-widget-container\">\n\t\t\t\t\t<div class=\"elementor-spacer\">\n\t\t\t<div class=\"elementor-spacer-inner\"><\/div>\n\t\t<\/div>\n\t\t\t\t<\/div>\n\t\t\t\t<\/div>\n\t\t\t\t\t\t<\/div>\n\t\t\t\t\t<\/div>\n\t\t<\/div>\n\t\t\t\t\t\t\t\t<\/div>\n\t\t\t\t\t<\/div>\n\t\t<\/section>\n\t\t\t\t\t\t<\/div>\n\t\t\t\t\t\t<\/div>\n\t\t\t\t\t<\/div>\n\t\t<\/div>","protected":false},"excerpt":{"rendered":"<p>ESIP Galerie Journ\u00e9e formation en d\u00e9veloppement WEB Fullstack devoloppers Pr\u00e9c\u00e9dent Suivant C\u00e9r\u00e9monie de remise des dipl\u00f4mes 2019 Pr\u00e9c\u00e9dent Suivant C\u00e9r\u00e9monie de remise des dipl\u00f4mes 2018 Pr\u00e9c\u00e9dent Suivant AERODAY Pr\u00e9c\u00e9dent Suivant<\/p>","protected":false},"author":3,"featured_media":0,"parent":0,"menu_order":0,"comment_status":"closed","ping_status":"closed","template":"","meta":[],"_links":{"self":[{"href":"https:\/\/www.esip.tn\/en\/wp-json\/wp\/v2\/pages\/342"}],"collection":[{"href":"https:\/\/www.esip.tn\/en\/wp-json\/wp\/v2\/pages"}],"about":[{"href":"https:\/\/www.esip.tn\/en\/wp-json\/wp\/v2\/types\/page"}],"author":[{"embeddable":true,"href":"https:\/\/www.esip.tn\/en\/wp-json\/wp\/v2\/users\/3"}],"replies":[{"embeddable":true,"href":"https:\/\/www.esip.tn\/en\/wp-json\/wp\/v2\/comments?post=342"}],"version-history":[{"count":38,"href":"https:\/\/www.esip.tn\/en\/wp-json\/wp\/v2\/pages\/342\/revisions"}],"predecessor-version":[{"id":3675,"href":"https:\/\/www.esip.tn\/en\/wp-json\/wp\/v2\/pages\/342\/revisions\/3675"}],"wp:attachment":[{"href":"https:\/\/www.esip.tn\/en\/wp-json\/wp\/v2\/media?parent=342"}],"curies":[{"name":"wp","href":"https:\/\/api.w.org\/{rel}","templated":true}]}}