{"id":3536,"date":"2021-09-17T13:00:57","date_gmt":"2021-09-17T11:00:57","guid":{"rendered":"https:\/\/esip.tn\/?page_id=3536"},"modified":"2021-09-17T13:17:13","modified_gmt":"2021-09-17T11:17:13","slug":"e-administration-etu","status":"publish","type":"page","link":"https:\/\/www.esip.tn\/en\/e-administration-etu\/","title":{"rendered":"E-Administration ETU"},"content":{"rendered":"<div id=\"modal-ready\">\t\t<div data-elementor-type=\"wp-post\" data-elementor-id=\"3536\" class=\"elementor elementor-3536\" data-elementor-settings=\"[]\">\n\t\t\t\t\t\t<div class=\"elementor-inner\">\n\t\t\t\t\t\t\t<div class=\"elementor-section-wrap\">\n\t\t\t\t\t\t\t<section class=\"elementor-section elementor-top-section elementor-element elementor-element-d913584 elementor-section-boxed elementor-section-height-default elementor-section-height-default\" data-id=\"d913584\" data-element_type=\"section\">\n\t\t\t\t\t\t<div class=\"elementor-container elementor-column-gap-extended\">\n\t\t\t\t\t\t\t<div class=\"elementor-row\">\n\t\t\t\t\t<div class=\"elementor-column elementor-col-100 elementor-top-column elementor-element elementor-element-553170d sc_inner_width_none sc_content_align_inherit sc_layouts_column_icons_position_left\" data-id=\"553170d\" data-element_type=\"column\">\n\t\t\t<div class=\"elementor-column-wrap elementor-element-populated\">\n\t\t\t\t\t\t\t<div class=\"elementor-widget-wrap\">\n\t\t\t\t\t\t<div class=\"elementor-element elementor-element-6427f1d sc_height_tiny sc_fly_static elementor-widget elementor-widget-spacer\" data-id=\"6427f1d\" data-element_type=\"widget\" data-widget_type=\"spacer.default\">\n\t\t\t\t<div class=\"elementor-widget-container\">\n\t\t\t\t\t<div class=\"elementor-spacer\">\n\t\t\t<div class=\"elementor-spacer-inner\"><\/div>\n\t\t<\/div>\n\t\t\t\t<\/div>\n\t\t\t\t<\/div>\n\t\t\t\t<div class=\"elementor-element elementor-element-69cde6b sc_fly_static elementor-invisible elementor-widget elementor-widget-trx_sc_title\" data-id=\"69cde6b\" data-element_type=\"widget\" data-settings=\"{&quot;_animation&quot;:&quot;fadeIn&quot;,&quot;_animation_mobile&quot;:&quot;none&quot;,&quot;_animation_delay&quot;:200}\" data-widget_type=\"trx_sc_title.default\">\n\t\t\t\t<div class=\"elementor-widget-container\">\n\t\t\t<div id=\"trx_sc_title_182356171\"\n\t\tclass=\"sc_title color_style_link2 sc_title_decoration\"><span class=\"sc_item_subtitle sc_title_subtitle sc_item_subtitle_above sc_item_title_style_decoration\"><span class=\"subtitle_text\"> Espace \u00e9tudiant<\/span><\/span><h3 class=\"sc_item_title sc_title_title sc_item_title_style_decoration sc_item_title_tag\"><span class=\"sc_item_title_text\">E-Administration<\/span><\/h3><\/div><!-- \/.sc_title -->\t\t<\/div>\n\t\t\t\t<\/div>\n\t\t\t\t<div class=\"elementor-element elementor-element-4efdee8 sc_height_tiny sc_fly_static elementor-widget elementor-widget-spacer\" data-id=\"4efdee8\" data-element_type=\"widget\" data-widget_type=\"spacer.default\">\n\t\t\t\t<div class=\"elementor-widget-container\">\n\t\t\t\t\t<div class=\"elementor-spacer\">\n\t\t\t<div class=\"elementor-spacer-inner\"><\/div>\n\t\t<\/div>\n\t\t\t\t<\/div>\n\t\t\t\t<\/div>\n\t\t\t\t\t\t<\/div>\n\t\t\t\t\t<\/div>\n\t\t<\/div>\n\t\t\t\t\t\t\t\t<\/div>\n\t\t\t\t\t<\/div>\n\t\t<\/section>\n\t\t\t\t<section class=\"elementor-section elementor-top-section elementor-element elementor-element-153f736 elementor-section-boxed elementor-section-height-default elementor-section-height-default\" data-id=\"153f736\" data-element_type=\"section\">\n\t\t\t\t\t\t<div class=\"elementor-container elementor-column-gap-extended\">\n\t\t\t\t\t\t\t<div class=\"elementor-row\">\n\t\t\t\t\t<div class=\"elementor-column elementor-col-100 elementor-top-column elementor-element elementor-element-389463b sc_inner_width_none sc_content_align_inherit sc_layouts_column_icons_position_left\" data-id=\"389463b\" data-element_type=\"column\">\n\t\t\t<div class=\"elementor-column-wrap elementor-element-populated\">\n\t\t\t\t\t\t\t<div class=\"elementor-widget-wrap\">\n\t\t\t\t\t\t<div class=\"elementor-element elementor-element-4b3eb32 sc_fly_static elementor-widget elementor-widget-shortcode\" data-id=\"4b3eb32\" data-element_type=\"widget\" data-widget_type=\"shortcode.default\">\n\t\t\t\t<div class=\"elementor-widget-container\">\n\t\t\t\t\t<div class=\"elementor-shortcode\"><div class=\"forminator-ui forminator-custom-form forminator-custom-form-3545 forminator-design--default  forminator_ajax\" data-forminator-render=\"0\" data-form=\"forminator-module-3545\"><br\/><\/div><form\n\t\t\t\tid=\"forminator-module-3545\"\n\t\t\t\tclass=\"forminator-ui forminator-custom-form forminator-custom-form-3545 forminator-design--default  forminator_ajax\"\n\t\t\t\tmethod=\"post\"\n\t\t\t\tdata-forminator-render=\"0\"\n\t\t\t\tdata-form-id=\"3545\"\n\t\t\t\t\n\t\t\t\tdata-design=\"default\"\n\t\t\t\t\n\t\t\t\t\n\t\t\t\t\n\t\t\t\tdata-grid=\"open\"\n\t\t\t\t\n\t\t\t\t\n\t\t\t\tstyle=\"display: none;\" action=\"\"\n\t\t\t><div class=\"forminator-response-message forminator-error\" aria-hidden=\"true\"><\/div><div class=\"forminator-row\"><div id=\"name-1\" class=\"forminator-col forminator-col-12\"><div class=\"forminator-field\"><label for=\"forminator-field-name-1\" class=\"forminator-label\">Full name <span class=\"forminator-required\">*<\/span><\/label><input type=\"text\" name=\"name-1\" value=\"\" placeholder=\"\" id=\"forminator-field-name-1\" class=\"forminator-input forminator-name--field\" aria-required=\"true\" \/><\/div><\/div><\/div><div class=\"forminator-row\"><div id=\"select-1\" class=\"forminator-col forminator-col-12\"><div class=\"forminator-field\"><label for=\"forminator-form-3545__field--select-1-label\" class=\"forminator-label\">Demande : <span class=\"forminator-required\">*<\/span><\/label><select id=\"forminator-form-3545__field--select-1\" class=\"forminator-select--field forminator-select2\" data-required=\"1\" name=\"select-1\" data-default-value=\"\" data-placeholder=\"Demande :\" data-search=\"false\"><option value=\"\">Demande :<\/option><option value=\"attestation-dinscription\"  data-calculation=\"0\">Attestation d&#039;inscription<\/option><option value=\"attestation-de-pr\u00e9sence\"  data-calculation=\"0\">Attestation de pr\u00e9sence<\/option><option value=\"proposition-de-stage-pour-ii1\"  data-calculation=\"0\">Proposition de stage pour II1<\/option><option value=\"proposition-de-stage-pour-ii2\"  data-calculation=\"0\">Proposition de stage pour II2<\/option><option value=\"proposition-de-stage-pfe\"  data-calculation=\"0\">Proposition de stage PFE<\/option><\/select><\/div><\/div><\/div><div class=\"forminator-row\"><div id=\"select-2\" class=\"forminator-col forminator-col-12\"><div class=\"forminator-field\"><label for=\"forminator-form-3545__field--select-2-label\" class=\"forminator-label\">Classe : <span class=\"forminator-required\">*<\/span><\/label><select id=\"forminator-form-3545__field--select-2\" class=\"forminator-select--field forminator-select2\" data-required=\"1\" name=\"select-2\" data-default-value=\"\" data-placeholder=\"Classe :\" data-search=\"false\"><option value=\"\">Classe :<\/option><option value=\"premi\u00e8re-ann\u00e9e-cycle-pr\u00e9paratoire\"  data-calculation=\"0\">Premi\u00e8re ann\u00e9e cycle pr\u00e9paratoire<\/option><option value=\"deuxi\u00e8me-ann\u00e9e-cycle-pr\u00e9paratoire\"  data-calculation=\"0\">Deuxi\u00e8me ann\u00e9e cycle pr\u00e9paratoire<\/option><option value=\"premi\u00e8re-ann\u00e9e-cycle-ding\u00e9nieurs\"  data-calculation=\"0\">Premi\u00e8re ann\u00e9e cycle d&#039;ing\u00e9nieurs<\/option><option value=\"deuxi\u00e8me-ann\u00e9e-cycle-ding\u00e9nieurs\"  data-calculation=\"0\">Deuxi\u00e8me ann\u00e9e cycle d&#039;ing\u00e9nieurs<\/option><option value=\"troisi\u00e8me-ann\u00e9e-cycle-ding\u00e9nieurs\"  data-calculation=\"0\">Troisi\u00e8me ann\u00e9e cycle d&#039;ing\u00e9nieurs<\/option><\/select><\/div><\/div><\/div><input type=\"hidden\" name=\"referer_url\" value=\"\" \/><div class=\"forminator-row forminator-row-last\"><div class=\"forminator-col\"><div class=\"forminator-field\"><button class=\"forminator-button forminator-button-submit\">Envoyer la demande<\/button><\/div><\/div><\/div><input type=\"hidden\" id=\"forminator_nonce\" name=\"forminator_nonce\" value=\"f508c1baac\" \/><input type=\"hidden\" name=\"_wp_http_referer\" value=\"\/en\/wp-json\/wp\/v2\/pages\/3536\" \/><input type=\"hidden\" name=\"form_id\" value=\"3545\"><input type=\"hidden\" name=\"page_id\" value=\"3536\"><input type=\"hidden\" name=\"form_type\" value=\"default\"><input type=\"hidden\" name=\"current_url\" value=\"https:\/\/www.esip.tn\/en\/wp-json\/wp\/v2\/pages\/3536\/\"><input type=\"hidden\" name=\"render_id\" value=\"0\"><input type=\"hidden\" name=\"action\" value=\"forminator_submit_form_custom-forms\"><input type=\"hidden\" name=\"trp-form-language\" value=\"en\"\/><\/form><\/div>\n\t\t\t\t<\/div>\n\t\t\t\t<\/div>\n\t\t\t\t\t\t<\/div>\n\t\t\t\t\t<\/div>\n\t\t<\/div>\n\t\t\t\t\t\t\t\t<\/div>\n\t\t\t\t\t<\/div>\n\t\t<\/section>\n\t\t\t\t<section class=\"elementor-section elementor-top-section elementor-element elementor-element-20b2d46 elementor-section-boxed elementor-section-height-default elementor-section-height-default\" data-id=\"20b2d46\" data-element_type=\"section\">\n\t\t\t\t\t\t<div class=\"elementor-container elementor-column-gap-extended\">\n\t\t\t\t\t\t\t<div class=\"elementor-row\">\n\t\t\t\t\t<div class=\"elementor-column elementor-col-100 elementor-top-column elementor-element elementor-element-933df9e sc_inner_width_none sc_content_align_inherit sc_layouts_column_icons_position_left\" data-id=\"933df9e\" data-element_type=\"column\">\n\t\t\t<div class=\"elementor-column-wrap elementor-element-populated\">\n\t\t\t\t\t\t\t<div class=\"elementor-widget-wrap\">\n\t\t\t\t\t\t<div class=\"elementor-element elementor-element-bf94650 sc_height_large sc_fly_static elementor-widget elementor-widget-spacer\" data-id=\"bf94650\" data-element_type=\"widget\" data-widget_type=\"spacer.default\">\n\t\t\t\t<div class=\"elementor-widget-container\">\n\t\t\t\t\t<div class=\"elementor-spacer\">\n\t\t\t<div class=\"elementor-spacer-inner\"><\/div>\n\t\t<\/div>\n\t\t\t\t<\/div>\n\t\t\t\t<\/div>\n\t\t\t\t\t\t<\/div>\n\t\t\t\t\t<\/div>\n\t\t<\/div>\n\t\t\t\t\t\t\t\t<\/div>\n\t\t\t\t\t<\/div>\n\t\t<\/section>\n\t\t\t\t\t\t<\/div>\n\t\t\t\t\t\t<\/div>\n\t\t\t\t\t<\/div>\n\t\t<\/div>","protected":false},"excerpt":{"rendered":"<p>Espace \u00e9tudiant E-Administration<\/p>","protected":false},"author":3,"featured_media":0,"parent":0,"menu_order":0,"comment_status":"closed","ping_status":"closed","template":"","meta":[],"_links":{"self":[{"href":"https:\/\/www.esip.tn\/en\/wp-json\/wp\/v2\/pages\/3536"}],"collection":[{"href":"https:\/\/www.esip.tn\/en\/wp-json\/wp\/v2\/pages"}],"about":[{"href":"https:\/\/www.esip.tn\/en\/wp-json\/wp\/v2\/types\/page"}],"author":[{"embeddable":true,"href":"https:\/\/www.esip.tn\/en\/wp-json\/wp\/v2\/users\/3"}],"replies":[{"embeddable":true,"href":"https:\/\/www.esip.tn\/en\/wp-json\/wp\/v2\/comments?post=3536"}],"version-history":[{"count":16,"href":"https:\/\/www.esip.tn\/en\/wp-json\/wp\/v2\/pages\/3536\/revisions"}],"predecessor-version":[{"id":3562,"href":"https:\/\/www.esip.tn\/en\/wp-json\/wp\/v2\/pages\/3536\/revisions\/3562"}],"wp:attachment":[{"href":"https:\/\/www.esip.tn\/en\/wp-json\/wp\/v2\/media?parent=3536"}],"curies":[{"name":"wp","href":"https:\/\/api.w.org\/{rel}","templated":true}]}}